{"id":962,"date":"2019-10-17T19:43:18","date_gmt":"2019-10-17T18:43:18","guid":{"rendered":"http:\/\/degres-colores.com\/?page_id=962"},"modified":"2019-10-17T19:43:18","modified_gmt":"2019-10-17T18:43:18","slug":"voyage-colore","status":"publish","type":"page","link":"https:\/\/www.degres-colores.com\/?page_id=962","title":{"rendered":"Voyage Color\u00e9"},"content":{"rendered":"\n<figure class=\"wp-block-image\"><img loading=\"lazy\" decoding=\"async\" width=\"1920\" height=\"1280\" src=\"http:\/\/www.degres-colores.com\/wp-content\/uploads\/2019\/12\/rio-de-janeiro-3549798_1920.jpg\" alt=\"\" class=\"wp-image-1205\" srcset=\"https:\/\/www.degres-colores.com\/wp-content\/uploads\/2019\/12\/rio-de-janeiro-3549798_1920.jpg 1920w, https:\/\/www.degres-colores.com\/wp-content\/uploads\/2019\/12\/rio-de-janeiro-3549798_1920-300x200.jpg 300w, https:\/\/www.degres-colores.com\/wp-content\/uploads\/2019\/12\/rio-de-janeiro-3549798_1920-768x512.jpg 768w, https:\/\/www.degres-colores.com\/wp-content\/uploads\/2019\/12\/rio-de-janeiro-3549798_1920-1024x683.jpg 1024w, https:\/\/www.degres-colores.com\/wp-content\/uploads\/2019\/12\/rio-de-janeiro-3549798_1920-1536x1024.jpg 1536w\" sizes=\"auto, (max-width: 1920px) 100vw, 1920px\" \/><\/figure>\n\n\n\n<p class=\"has-text-align-justify\">Ce service vous permet, chez vous, par Zoom ou par t\u00e9l\u00e9phone, de passer une heure trente avec Degr\u00e9s Color\u00e9s. Vous serez capable d&rsquo;analyser l&rsquo;atmosph\u00e8re g\u00e9n\u00e9ral de votre lieu de s\u00e9jour, de b\u00e9n\u00e9ficier d&rsquo;une \u00e9nergie vivifiante et abondante, d&rsquo;adapter l&rsquo;ambiance de votre voyage en \u00e9tant apais\u00e9 autant que dynamis\u00e9. Vous serez comment installer vos propres \u00e9nergies dans un lieu et vous revitaliser gr\u00e2ce au Feng Shui.<\/p>\n\n\n\n<p class=\"has-text-align-justify\">Id\u00e9al pour les cadeaux. Degr\u00e9s Color\u00e9s a de jolis bons \u00e0 disposition. <\/p>\n\n\n\n<p class=\"has-text-align-justify\"><strong>Pour qui ?<\/strong> Globe-trotteurs, tourdumondistes, nomades digitales&#8230; Pour ceux qui ont envie de vivre pleinement et librement leur voyage, en \u00e9vitant au maximum les petits tracas et d\u00e9sagr\u00e9ment du s\u00e9jour. Pour ceux qui ont envie de comprendre et de mettre en pratique les diff\u00e9rents composants et outils Feng Shui en voyage. <\/p>\n\n\n\n<p><strong>Les th\u00e8mes suivants seront abord\u00e9s : <\/strong><\/p>\n\n\n\n<ul class=\"has-text-align-justify wp-block-list\">\n<li><strong>Le Chi<\/strong> : donne l\u2019ambiance, la qualit\u00e9 du lieu et son mouvement par sa circulation. <\/li>\n\n\n\n<li><strong>Le Yin<\/strong> : force n\u00e9gative, passive f\u00e9minine.<\/li>\n\n\n\n<li><strong>Le Yang<\/strong> : force positive, active masculine.<\/li>\n\n\n\n<li><strong>Le Yin et le Yang<\/strong> caract\u00e9risent l\u2019atmosph\u00e8re du lieu par 3 forces : Mati\u00e8res \/ Couleurs \/ Formes et Symboles.<\/li>\n\n\n\n<li><strong>Les 5 animaux symboliques<\/strong> : le Phenix Rouge, le Tigre blanc, la Tortue noire, le Dragon vert et le Serpent jaune.<\/li>\n\n\n\n<li><strong>Le Lo Shu<\/strong> : outil d\u2019analyse divis\u00e9 en 9 secteurs qui correspondent \u00e0 une aspiration de la vie\u00a0: argent, carri\u00e8re professionnelle, relation, enfants, projets, mentors, aide ext\u00e9rieure, d\u00e9veloppement personnel, sant\u00e9, famille, renomm\u00e9e.Vous d\u00e9terminerez ainsi l<\/li>\n\n\n\n<li><strong>Le Chiffre Kua<\/strong> : calcul\u00e9 \u00e0 partir de l\u2019ann\u00e9e chinoise (calendrier chinois) de naissances. Ce chiffre vous indiquera vos bonnes et mauvaises directions, vos traits de caract\u00e8re et en bonus vous pourrez connaitre l&rsquo;entente que vous pourrez avoir avec vos partenaires de voyage en fonction de leur chiffre. <\/li>\n\n\n\n<li><strong>La purification de l&rsquo;espace<\/strong> : conseils sur les m\u00e9thodes de purification : encens, huiles essentielles, etc&#8230;<\/li>\n<\/ul>\n\n\n\n<p class=\"has-text-align-justify\">Un petit aide-m\u00e9moire vous est remis ult\u00e9rieurement par mail pour connaitre tous les petits trucs et astuces Feng Shui pour am\u00e9liorer votre vie.<\/p>\n","protected":false},"excerpt":{"rendered":"<p>Ce service vous permet, chez vous, par Zoom ou par t\u00e9l\u00e9phone, de passer une heure trente avec Degr\u00e9s Color\u00e9s. Vous serez capable d&rsquo;analyser l&rsquo;atmosph\u00e8re g\u00e9n\u00e9ral de votre lieu de s\u00e9jour, de b\u00e9n\u00e9ficier d&rsquo;une \u00e9nergie vivifiante et abondante, d&rsquo;adapter l&rsquo;ambiance de votre voyage en \u00e9tant apais\u00e9 autant que dynamis\u00e9. Vous serez comment installer vos propres \u00e9nergies [&hellip;]<\/p>\n","protected":false},"author":2,"featured_media":0,"parent":0,"menu_order":0,"comment_status":"closed","ping_status":"closed","template":"","meta":{"footnotes":""},"class_list":["post-962","page","type-page","status-publish","hentry"],"_links":{"self":[{"href":"https:\/\/www.degres-colores.com\/index.php?rest_route=\/wp\/v2\/pages\/962","targetHints":{"allow":["GET"]}}],"collection":[{"href":"https:\/\/www.degres-colores.com\/index.php?rest_route=\/wp\/v2\/pages"}],"about":[{"href":"https:\/\/www.degres-colores.com\/index.php?rest_route=\/wp\/v2\/types\/page"}],"author":[{"embeddable":true,"href":"https:\/\/www.degres-colores.com\/index.php?rest_route=\/wp\/v2\/users\/2"}],"replies":[{"embeddable":true,"href":"https:\/\/www.degres-colores.com\/index.php?rest_route=%2Fwp%2Fv2%2Fcomments&post=962"}],"version-history":[{"count":0,"href":"https:\/\/www.degres-colores.com\/index.php?rest_route=\/wp\/v2\/pages\/962\/revisions"}],"wp:attachment":[{"href":"https:\/\/www.degres-colores.com\/index.php?rest_route=%2Fwp%2Fv2%2Fmedia&parent=962"}],"curies":[{"name":"wp","href":"https:\/\/api.w.org\/{rel}","templated":true}]}}