{"id":95,"date":"2018-11-24T14:46:34","date_gmt":"2018-11-24T13:46:34","guid":{"rendered":"http:\/\/degres-colores.com\/?page_id=95"},"modified":"2018-11-24T14:46:34","modified_gmt":"2018-11-24T13:46:34","slug":"les-differentes-ecoles","status":"publish","type":"page","link":"https:\/\/www.degres-colores.com\/?page_id=95","title":{"rendered":"Les diff\u00e9rentes \u00e9coles"},"content":{"rendered":"<div class=\"wp-block-image\">\n<figure class=\"aligncenter size-large is-resized\"><img loading=\"lazy\" decoding=\"async\" width=\"1920\" height=\"1280\" src=\"http:\/\/www.degres-colores.com\/wp-content\/uploads\/2019\/12\/lights-1867437_1920.jpg?w=720\" alt=\"\" class=\"wp-image-1139\" style=\"width:570px;height:379px\" srcset=\"https:\/\/www.degres-colores.com\/wp-content\/uploads\/2019\/12\/lights-1867437_1920.jpg 1920w, https:\/\/www.degres-colores.com\/wp-content\/uploads\/2019\/12\/lights-1867437_1920-300x200.jpg 300w, https:\/\/www.degres-colores.com\/wp-content\/uploads\/2019\/12\/lights-1867437_1920-768x512.jpg 768w, https:\/\/www.degres-colores.com\/wp-content\/uploads\/2019\/12\/lights-1867437_1920-1024x683.jpg 1024w, https:\/\/www.degres-colores.com\/wp-content\/uploads\/2019\/12\/lights-1867437_1920-1536x1024.jpg 1536w\" sizes=\"auto, (max-width: 1920px) 100vw, 1920px\" \/><figcaption class=\"wp-element-caption\">Rem\u00e8de : bois et feu<\/figcaption><\/figure>\n<\/div>\n\n<h3 style=\"text-align: justify\">L&rsquo;\u00e9cole de la Boussole<\/h3>\n<p style=\"text-align: justify\">C&rsquo;est la dimension spatiale du <a href=\"http:\/\/degres-colores.com\/feng-shui\/\">Feng Shui<\/a>. C&rsquo;est l&rsquo;\u00e9cole la plus connue du grand public. Cette \u00e9cole tient compte des individus vivant ou travaillant dans les lieux.\u00a0Son analyse Feng Shui se d\u00e9compose en trois parties :<\/p>\n<ul style=\"text-align: justify\">\n<li>Les couleurs, les objets, leurs formes, et leurs symboliques sont rattach\u00e9s aux zones du Ba Gua. L&rsquo;analyse du Ba Gua permet de d\u00e9terminer leur place dans la maison afin de favoriser votre chance. Il est positionn\u00e9 en fonction du Nord cardinal indiqu\u00e9 par la boussole.<\/li>\n<li>La position des meubles est \u00e9tudi\u00e9e pour favoriser la circulation du Chi afin de cr\u00e9er l&rsquo;harmonie dans votre int\u00e9rieur.<\/li>\n<li>Pour compl\u00e9ter l&rsquo;analyse Feng Shui, le chiffre Kua de chaque habitant est d\u00e9termin\u00e9 afin d&rsquo;orienter le lit, le bureau en fonction des directions favorables.<\/li>\n<\/ul>\n<h3 style=\"text-align: justify\">L&rsquo;\u00e9cole de la Forme<\/h3>\n<p style=\"text-align: justify\">C&rsquo;est l&rsquo;analyse de votre environnement ext\u00e9rieur (implantation des autres b\u00e2timents, des haies, la configuration du terrain, etc.) qui va d\u00e9terminer le Feng Shui de la Forme. C&rsquo;est la plus ancienne des trois \u00e9coles du Feng Shui traditionnel Chinois.<\/p>\n<h3 style=\"text-align: justify\">L&rsquo;\u00e9cole des \u00c9toiles Volantes<\/h3>\n<p style=\"text-align: justify\">C&rsquo;est la dimension temporelle du Feng Shui. L&rsquo;\u00e9cole des \u00c9toiles Volantes, c&rsquo;est l&rsquo;analyse de l&rsquo;influence des p\u00e9riodes de temps sur votre espace de vie. L&rsquo;\u00e9cole des \u00c9toiles Volantes est fond\u00e9e sur des calculs qui prennent en compte l&rsquo;orientation exacte de la fa\u00e7ade, de l&rsquo;ann\u00e9e en cours et de la p\u00e9riode (construction, grand travaux ou emm\u00e9nagement).<\/p>\n<p style=\"text-align: justify\">Comme c&rsquo;est une dimension temporelle du Feng Shui, il est essentiel de faire \u00e9voluer les rem\u00e8des et les activations avec le temps qui passe. L&rsquo;\u00e9cole des \u00c9toiles Volantes approfondit l&rsquo;expertise Feng Shui et en optimise consid\u00e9rablement les effets b\u00e9n\u00e9fiques sur votre vie.<\/p>","protected":false},"excerpt":{"rendered":"<p>L&rsquo;\u00e9cole de la Boussole C&rsquo;est la dimension spatiale du Feng Shui. C&rsquo;est l&rsquo;\u00e9cole la plus connue du grand public. Cette \u00e9cole tient compte des individus vivant ou travaillant dans les lieux.\u00a0Son analyse Feng Shui se d\u00e9compose en trois parties : Les couleurs, les objets, leurs formes, et leurs symboliques sont rattach\u00e9s aux zones du Ba [&hellip;]<\/p>\n","protected":false},"author":2,"featured_media":0,"parent":0,"menu_order":0,"comment_status":"closed","ping_status":"closed","template":"","meta":{"footnotes":""},"class_list":["post-95","page","type-page","status-publish","hentry"],"_links":{"self":[{"href":"https:\/\/www.degres-colores.com\/index.php?rest_route=\/wp\/v2\/pages\/95","targetHints":{"allow":["GET"]}}],"collection":[{"href":"https:\/\/www.degres-colores.com\/index.php?rest_route=\/wp\/v2\/pages"}],"about":[{"href":"https:\/\/www.degres-colores.com\/index.php?rest_route=\/wp\/v2\/types\/page"}],"author":[{"embeddable":true,"href":"https:\/\/www.degres-colores.com\/index.php?rest_route=\/wp\/v2\/users\/2"}],"replies":[{"embeddable":true,"href":"https:\/\/www.degres-colores.com\/index.php?rest_route=%2Fwp%2Fv2%2Fcomments&post=95"}],"version-history":[{"count":0,"href":"https:\/\/www.degres-colores.com\/index.php?rest_route=\/wp\/v2\/pages\/95\/revisions"}],"wp:attachment":[{"href":"https:\/\/www.degres-colores.com\/index.php?rest_route=%2Fwp%2Fv2%2Fmedia&parent=95"}],"curies":[{"name":"wp","href":"https:\/\/api.w.org\/{rel}","templated":true}]}}