{"id":93,"date":"2018-11-24T14:37:31","date_gmt":"2018-11-24T13:37:31","guid":{"rendered":"http:\/\/degres-colores.com\/?page_id=93"},"modified":"2018-11-24T14:37:31","modified_gmt":"2018-11-24T13:37:31","slug":"concept","status":"publish","type":"page","link":"https:\/\/www.degres-colores.com\/?page_id=93","title":{"rendered":"Concept"},"content":{"rendered":"\n<figure class=\"wp-block-image size-large\"><img loading=\"lazy\" decoding=\"async\" width=\"1920\" height=\"1280\" src=\"http:\/\/www.degres-colores.com\/wp-content\/uploads\/2019\/12\/architecture-1857175_1920-copie.jpg?w=1024\" alt=\"\" class=\"wp-image-1158\" srcset=\"https:\/\/www.degres-colores.com\/wp-content\/uploads\/2019\/12\/architecture-1857175_1920-copie.jpg 1920w, https:\/\/www.degres-colores.com\/wp-content\/uploads\/2019\/12\/architecture-1857175_1920-copie-300x200.jpg 300w, https:\/\/www.degres-colores.com\/wp-content\/uploads\/2019\/12\/architecture-1857175_1920-copie-768x512.jpg 768w, https:\/\/www.degres-colores.com\/wp-content\/uploads\/2019\/12\/architecture-1857175_1920-copie-1024x683.jpg 1024w, https:\/\/www.degres-colores.com\/wp-content\/uploads\/2019\/12\/architecture-1857175_1920-copie-1536x1024.jpg 1536w\" sizes=\"auto, (max-width: 1920px) 100vw, 1920px\" \/><\/figure>\n\n\n<p style=\"text-align:justify\"><strong>LES COMPOSANTS ET OUTILS FENG SHUI<\/strong><\/p>\n<ul>\n<li style=\"text-align:justify\"><strong>Le Chi<\/strong> : donne l&rsquo;ambiance, la qualit\u00e9 du lieu et son mouvement par sa circulation.<\/li>\n<li style=\"text-align:justify\"><strong>Le Yin<\/strong> : force n\u00e9gative, passive f\u00e9minine.<\/li>\n<li style=\"text-align:justify\"><strong>Le Yang<\/strong> : force positive, active masculine.<\/li>\n<li style=\"text-align:justify\"><strong>Le Yin et le Yang<\/strong> caract\u00e9risent l&rsquo;atmosph\u00e8re du lieu par 3 forces : Mati\u00e8res \/ Couleurs \/ Formes et Symboles.<\/li>\n<li style=\"text-align:justify\"><strong>Les trois niveaux vibratoires : (<\/strong>Analogie Homme \/ Maison) : La Terre, domaine du corps, vie mat\u00e9rielle \/ L&rsquo;humain, domaine du sentiment, se sentir aimer \/ Le ciel, domaine de la pens\u00e9e, cr\u00e9ativit\u00e9.<\/li>\n<li style=\"text-align:justify\"><strong>Les 5 animaux symboliques<\/strong> : le Phenix Rouge, le Tigre blanc, la Tortue noire, le Dragon vert et le Serpent jaune.<\/li>\n<li style=\"text-align:justify\"><strong>Le cycle des 5 \u00e9l\u00e9ments naturels<\/strong> : Eau, Bois, Feu, Terre, M\u00e9tal, gouvern\u00e9s par 3 cycles : construction \/ affaiblissement \/ destruction.<\/li>\n<li style=\"text-align:justify\"><strong>Le Ba Gua<\/strong> : outil octogonal d&rsquo;analyse selon les 8 directions <a href=\"http:\/\/degres-colores.com\/les-differentes-ecoles\/\">boussoles<\/a>.<\/li>\n<li style=\"text-align:justify\"><strong>Le Lo Shu<\/strong> : outil d&rsquo;analyse divis\u00e9 en 9 secteurs qui correspondent \u00e0 une aspiration de la vie\u00a0: argent, carri\u00e8re professionnelle, relation, enfants, projets, mentors, aide ext\u00e9rieure, d\u00e9veloppement personnel, sant\u00e9, famille, renomm\u00e9e.<\/li>\n<li style=\"text-align:justify\"><strong>Le Chiffre Kua<\/strong> : calcul\u00e9 \u00e0 partir de l&rsquo;ann\u00e9e chinoise (calendrier chinois) de naissance.<\/li>\n<\/ul>","protected":false},"excerpt":{"rendered":"<p>LES COMPOSANTS ET OUTILS FENG SHUI Le Chi : donne l&rsquo;ambiance, la qualit\u00e9 du lieu et son mouvement par sa circulation. Le Yin : force n\u00e9gative, passive f\u00e9minine. Le Yang : force positive, active masculine. Le Yin et le Yang caract\u00e9risent l&rsquo;atmosph\u00e8re du lieu par 3 forces : Mati\u00e8res \/ Couleurs \/ Formes et Symboles. [&hellip;]<\/p>\n","protected":false},"author":2,"featured_media":0,"parent":0,"menu_order":0,"comment_status":"closed","ping_status":"closed","template":"","meta":{"footnotes":""},"class_list":["post-93","page","type-page","status-publish","hentry"],"_links":{"self":[{"href":"https:\/\/www.degres-colores.com\/index.php?rest_route=\/wp\/v2\/pages\/93","targetHints":{"allow":["GET"]}}],"collection":[{"href":"https:\/\/www.degres-colores.com\/index.php?rest_route=\/wp\/v2\/pages"}],"about":[{"href":"https:\/\/www.degres-colores.com\/index.php?rest_route=\/wp\/v2\/types\/page"}],"author":[{"embeddable":true,"href":"https:\/\/www.degres-colores.com\/index.php?rest_route=\/wp\/v2\/users\/2"}],"replies":[{"embeddable":true,"href":"https:\/\/www.degres-colores.com\/index.php?rest_route=%2Fwp%2Fv2%2Fcomments&post=93"}],"version-history":[{"count":0,"href":"https:\/\/www.degres-colores.com\/index.php?rest_route=\/wp\/v2\/pages\/93\/revisions"}],"wp:attachment":[{"href":"https:\/\/www.degres-colores.com\/index.php?rest_route=%2Fwp%2Fv2%2Fmedia&parent=93"}],"curies":[{"name":"wp","href":"https:\/\/api.w.org\/{rel}","templated":true}]}}