{"id":78,"date":"2018-11-24T13:33:46","date_gmt":"2018-11-24T12:33:46","guid":{"rendered":"http:\/\/degres-colores.com\/?page_id=78"},"modified":"2018-11-24T13:33:46","modified_gmt":"2018-11-24T12:33:46","slug":"coaching-colore","status":"publish","type":"page","link":"https:\/\/www.degres-colores.com\/?page_id=78","title":{"rendered":"Coaching Color\u00e9"},"content":{"rendered":"\n<figure class=\"wp-block-gallery has-nested-images columns-default is-cropped wp-block-gallery-1 is-layout-flex wp-block-gallery-is-layout-flex\">\n<figure class=\"wp-block-image size-large\"><img loading=\"lazy\" decoding=\"async\" width=\"1920\" height=\"1279\" data-id=\"1144\" src=\"http:\/\/www.degres-colores.com\/wp-content\/uploads\/2019\/12\/vintage-4188770_1920.jpg?w=1024\" alt=\"\" class=\"wp-image-1144\" srcset=\"https:\/\/www.degres-colores.com\/wp-content\/uploads\/2019\/12\/vintage-4188770_1920.jpg 1920w, https:\/\/www.degres-colores.com\/wp-content\/uploads\/2019\/12\/vintage-4188770_1920-300x200.jpg 300w, https:\/\/www.degres-colores.com\/wp-content\/uploads\/2019\/12\/vintage-4188770_1920-768x512.jpg 768w, https:\/\/www.degres-colores.com\/wp-content\/uploads\/2019\/12\/vintage-4188770_1920-1024x682.jpg 1024w, https:\/\/www.degres-colores.com\/wp-content\/uploads\/2019\/12\/vintage-4188770_1920-1536x1023.jpg 1536w\" sizes=\"auto, (max-width: 1920px) 100vw, 1920px\" \/><\/figure>\n\n\n\n<figure class=\"wp-block-image size-large\"><img loading=\"lazy\" decoding=\"async\" width=\"1920\" height=\"1440\" data-id=\"1143\" src=\"http:\/\/www.degres-colores.com\/wp-content\/uploads\/2019\/12\/succulents-192291_1920.jpg?w=1024\" alt=\"\" class=\"wp-image-1143\" srcset=\"https:\/\/www.degres-colores.com\/wp-content\/uploads\/2019\/12\/succulents-192291_1920.jpg 1920w, https:\/\/www.degres-colores.com\/wp-content\/uploads\/2019\/12\/succulents-192291_1920-300x225.jpg 300w, https:\/\/www.degres-colores.com\/wp-content\/uploads\/2019\/12\/succulents-192291_1920-768x576.jpg 768w, https:\/\/www.degres-colores.com\/wp-content\/uploads\/2019\/12\/succulents-192291_1920-1024x768.jpg 1024w, https:\/\/www.degres-colores.com\/wp-content\/uploads\/2019\/12\/succulents-192291_1920-1536x1152.jpg 1536w\" sizes=\"auto, (max-width: 1920px) 100vw, 1920px\" \/><\/figure>\n\n\n\n<figure class=\"wp-block-image size-large\"><img loading=\"lazy\" decoding=\"async\" width=\"1285\" height=\"1920\" data-id=\"1141\" src=\"http:\/\/www.degres-colores.com\/wp-content\/uploads\/2019\/12\/starfish-427217_1920.jpg?w=685\" alt=\"\" class=\"wp-image-1141\" srcset=\"https:\/\/www.degres-colores.com\/wp-content\/uploads\/2019\/12\/starfish-427217_1920.jpg 1285w, https:\/\/www.degres-colores.com\/wp-content\/uploads\/2019\/12\/starfish-427217_1920-201x300.jpg 201w, https:\/\/www.degres-colores.com\/wp-content\/uploads\/2019\/12\/starfish-427217_1920-768x1148.jpg 768w, https:\/\/www.degres-colores.com\/wp-content\/uploads\/2019\/12\/starfish-427217_1920-685x1024.jpg 685w, https:\/\/www.degres-colores.com\/wp-content\/uploads\/2019\/12\/starfish-427217_1920-1028x1536.jpg 1028w\" sizes=\"auto, (max-width: 1285px) 100vw, 1285px\" \/><\/figure>\n\n\n\n<figure class=\"wp-block-image size-large\"><img loading=\"lazy\" decoding=\"async\" width=\"1920\" height=\"1280\" data-id=\"1142\" src=\"http:\/\/www.degres-colores.com\/wp-content\/uploads\/2019\/12\/stilllife-4250085_1920.jpg?w=1024\" alt=\"\" class=\"wp-image-1142\" srcset=\"https:\/\/www.degres-colores.com\/wp-content\/uploads\/2019\/12\/stilllife-4250085_1920.jpg 1920w, https:\/\/www.degres-colores.com\/wp-content\/uploads\/2019\/12\/stilllife-4250085_1920-300x200.jpg 300w, https:\/\/www.degres-colores.com\/wp-content\/uploads\/2019\/12\/stilllife-4250085_1920-768x512.jpg 768w, https:\/\/www.degres-colores.com\/wp-content\/uploads\/2019\/12\/stilllife-4250085_1920-1024x683.jpg 1024w, https:\/\/www.degres-colores.com\/wp-content\/uploads\/2019\/12\/stilllife-4250085_1920-1536x1024.jpg 1536w\" sizes=\"auto, (max-width: 1920px) 100vw, 1920px\" \/><\/figure>\n\n\n\n<figure class=\"wp-block-image size-large\"><img loading=\"lazy\" decoding=\"async\" width=\"1920\" height=\"1280\" data-id=\"1135\" src=\"http:\/\/www.degres-colores.com\/wp-content\/uploads\/2019\/12\/festival-204331_1920.jpg?w=1024\" alt=\"\" class=\"wp-image-1135\" srcset=\"https:\/\/www.degres-colores.com\/wp-content\/uploads\/2019\/12\/festival-204331_1920.jpg 1920w, https:\/\/www.degres-colores.com\/wp-content\/uploads\/2019\/12\/festival-204331_1920-300x200.jpg 300w, https:\/\/www.degres-colores.com\/wp-content\/uploads\/2019\/12\/festival-204331_1920-768x512.jpg 768w, https:\/\/www.degres-colores.com\/wp-content\/uploads\/2019\/12\/festival-204331_1920-1024x683.jpg 1024w, https:\/\/www.degres-colores.com\/wp-content\/uploads\/2019\/12\/festival-204331_1920-1536x1024.jpg 1536w\" sizes=\"auto, (max-width: 1920px) 100vw, 1920px\" \/><\/figure>\n<figcaption class=\"blocks-gallery-caption wp-element-caption\">Exemples de rem\u00e8des \u00e0 placer sur les lieux : tissus, plantes, livres, guirlandes lumineuses etc&#8230;<\/figcaption><\/figure>\n\n\n<p style=\"text-align:justify\"><strong>Un coaching <a href=\"http:\/\/degres-colores.com\/feng-shui\/\">Feng Shui<\/a> vous permet d&rsquo;avoir, \u00e0 moindre frais, les conseils de Degr\u00e9s Color\u00e9s pour atteindre <a href=\"http:\/\/degres-colores.com\/services-colores\/\">vos objectifs<\/a>. Ce service vous permettra d&rsquo;effectuer vous-m\u00eame les corrections par la suite ainsi que les changements n\u00e9cessaires pour cr\u00e9er votre espace id\u00e9al et intelligent. <br \/><\/strong><\/p>\n<h3><strong>Comment se d\u00e9roule un coaching ?<\/strong><\/h3>\n<p style=\"text-align:justify\">Consultation d&rsquo;une dur\u00e9e de 3h :<\/p>\n<p><strong>Vos objectifs\u00a0<\/strong>: sur les lieux ou par t\u00e9l\u00e9phone, nous d\u00e9finissons ensemble les objectifs que vous souhaitez atteindre.\u00a0<\/p>\n<p><strong>Analyse sur place<\/strong> : Degr\u00e9s Color\u00e9s a besoin du plan d&rsquo;architecte des espaces \u00e0 \u00e9tudier et de votre date de naissance. Degr\u00e9s Color\u00e9s analyse les plans de votre espace pour \u00e9tablir le diagnostic d\u2019harmonisation global <a href=\"http:\/\/degres-colores.com\/concept\/\">(Lo Shu, Ba Gua, Chiffre Kua)<\/a> et <a href=\"http:\/\/degres-colores.com\/geobiologie\/\">la g\u00e9obiologie<\/a>.<\/p>\n<p style=\"text-align:justify\"><strong>Degr\u00e9s Color\u00e9s d\u00e9termine :<\/strong><\/p>\n<ul style=\"text-align:justify\">\n<li>la qualit\u00e9 de votre \u00e9nergie et celle de votre habitat<\/li>\n<li>l&rsquo;histoire de votre habitation et de ce qui l&rsquo;entoure<\/li>\n<li>la circulation de l&rsquo;\u00e9nergie dans l&rsquo;espace<\/li>\n<li>le rangement dans l&rsquo;habitat<\/li>\n<li>l&rsquo;\u00e9quilibre entre le yin et le yang<\/li>\n<li>les couleurs qui pr\u00e9dominent dans votre int\u00e9rieur<\/li>\n<li>les trois niveaux vibratoires<\/li>\n<li>les objets qui ne sont \u00ab\u00a0pas feng shui\u00a0\u00bb<\/li>\n<li>l&rsquo;orientation de votre maison et l&rsquo;\u00e9tude du terrain<\/li>\n<li>le chiffre \u00e9l\u00e9ment de chaque occupants<\/li>\n<\/ul>\n<p><strong>R\u00e9sultat d&rsquo;analyse\u00a0<\/strong>: Degr\u00e9s Color\u00e9s vous livre oralement les pr\u00e9conisations directement sur place (possibilit\u00e9 d&rsquo;enregistrer). Les pr\u00e9conisations renseign\u00e9es graphiquement sur le plan de votre espace engendre un co\u00fbt suppl\u00e9mentaire.<\/p>\n<p style=\"text-align:justify\"><strong>Degr\u00e9s Color\u00e9s pr\u00e9conise :<\/strong><\/p>\n<ul style=\"text-align:justify\">\n<li>la bonne circulation de l&rsquo;\u00e9nergie<\/li>\n<li>l&rsquo;attribution des pi\u00e8ces pour chaque occupant<\/li>\n<li>le choix des couleurs, mati\u00e8res et formes pour chaque pi\u00e8ce<\/li>\n<li>l&rsquo;agencement des meubles<\/li>\n<li>la correction des formes hostiles.<\/li>\n<li>les conseils sur la mise en place de rem\u00e8des sur le lieu<\/li>\n<\/ul>\n<p>Degr\u00e9s Color\u00e9s vous fournis un aide-m\u00e9moire tr\u00e8s pr\u00e9cieux.<\/p>\n\n\n<p><strong>Important :<\/strong> il ne sert \u00e0 rien de faire appel \u00e0 Degr\u00e9s Color\u00e9s si vous ne vous impliquez   pas. Tout r\u00e9sultat n\u00e9cessite quelques efforts. Il est possible que je pr\u00e9conise de changer de chambre, d\u00e9placer votre lit, changer l&#8217;emplacement de certains objets, tourner  diff\u00e9remment votre canap\u00e9. Voil\u00e0 quelques exemples de recommandations feng shui<strong> <\/strong>qui permettront d&rsquo;am\u00e9liorer votre bien-\u00eatre.   <\/p>\n","protected":false},"excerpt":{"rendered":"<p>Un coaching Feng Shui vous permet d&rsquo;avoir, \u00e0 moindre frais, les conseils de Degr\u00e9s Color\u00e9s pour atteindre vos objectifs. Ce service vous permettra d&rsquo;effectuer vous-m\u00eame les corrections par la suite ainsi que les changements n\u00e9cessaires pour cr\u00e9er votre espace id\u00e9al et intelligent. Comment se d\u00e9roule un coaching ? Consultation d&rsquo;une dur\u00e9e de 3h : Vos [&hellip;]<\/p>\n","protected":false},"author":2,"featured_media":0,"parent":0,"menu_order":0,"comment_status":"closed","ping_status":"closed","template":"","meta":{"footnotes":""},"class_list":["post-78","page","type-page","status-publish","hentry"],"_links":{"self":[{"href":"https:\/\/www.degres-colores.com\/index.php?rest_route=\/wp\/v2\/pages\/78","targetHints":{"allow":["GET"]}}],"collection":[{"href":"https:\/\/www.degres-colores.com\/index.php?rest_route=\/wp\/v2\/pages"}],"about":[{"href":"https:\/\/www.degres-colores.com\/index.php?rest_route=\/wp\/v2\/types\/page"}],"author":[{"embeddable":true,"href":"https:\/\/www.degres-colores.com\/index.php?rest_route=\/wp\/v2\/users\/2"}],"replies":[{"embeddable":true,"href":"https:\/\/www.degres-colores.com\/index.php?rest_route=%2Fwp%2Fv2%2Fcomments&post=78"}],"version-history":[{"count":0,"href":"https:\/\/www.degres-colores.com\/index.php?rest_route=\/wp\/v2\/pages\/78\/revisions"}],"wp:attachment":[{"href":"https:\/\/www.degres-colores.com\/index.php?rest_route=%2Fwp%2Fv2%2Fmedia&parent=78"}],"curies":[{"name":"wp","href":"https:\/\/api.w.org\/{rel}","templated":true}]}}