{"id":73,"date":"2018-11-24T13:05:37","date_gmt":"2018-11-24T12:05:37","guid":{"rendered":"http:\/\/degres-colores.com\/?page_id=73"},"modified":"2018-11-24T13:05:37","modified_gmt":"2018-11-24T12:05:37","slug":"expertise-coloree","status":"publish","type":"page","link":"https:\/\/www.degres-colores.com\/?page_id=73","title":{"rendered":"Expertise Color\u00e9e"},"content":{"rendered":"\n<figure class=\"wp-block-image size-large\"><img loading=\"lazy\" decoding=\"async\" width=\"892\" height=\"595\" src=\"http:\/\/www.degres-colores.com\/wp-content\/uploads\/2019\/05\/pot-de-peinture.jpg?w=720\" alt=\"\" class=\"wp-image-763\" srcset=\"https:\/\/www.degres-colores.com\/wp-content\/uploads\/2019\/05\/pot-de-peinture.jpg 892w, https:\/\/www.degres-colores.com\/wp-content\/uploads\/2019\/05\/pot-de-peinture-300x200.jpg 300w, https:\/\/www.degres-colores.com\/wp-content\/uploads\/2019\/05\/pot-de-peinture-768x512.jpg 768w\" sizes=\"auto, (max-width: 892px) 100vw, 892px\" \/><\/figure>\n\n\n\n<p><strong>Une expertise Feng Shui permet d&rsquo;apprendre \u00e0 mieux se conna\u00eetre et permet de r\u00e9v\u00e9ler tout le potentiel de vos espaces int\u00e9rieurs et d\u2019en r\u00e9soudre les probl\u00e9matiques en utilisant l&rsquo;ensemble des techniques Feng Shui.&nbsp;&nbsp;<\/strong><\/p>\n\n\n\n<p>Consultation qui n\u00e9cessite plusieurs RDV sur place pour une dur\u00e9e total de 10 \u00e0 12h de travail :<\/p>\n\n\n\n<p><strong>Vos objectifs&nbsp;<\/strong>: <\/p>\n\n\n\n<p>Sur les lieux ou par t\u00e9l\u00e9phone nous d\u00e9finissons ensemble les objectifs que vous souhaitez atteindre.&nbsp;<\/p>\n\n\n\n<p><strong>Les prises de mesures (1h \u00e0 2h30) <\/strong>: <\/p>\n\n\n\n<p><strong>Degr\u00e9s Color\u00e9s <\/strong>r\u00e9colte les renseignements n\u00e9cessaires : <\/p>\n\n\n\n<ul class=\"wp-block-list\"><li>le plan de vos espaces \u00e0 \u00e9tudier<\/li><li>la date de naissance des habitants<\/li><li>la date de construction du lieu \u00e0 \u00e9tudier<\/li><li>la date de r\u00e9novation du toit ou des fen\u00eatres <\/li><li>la date d&#8217;emm\u00e9nagement<\/li><\/ul>\n\n\n\n<p>Pour \u00e9tablir le diagnostic d&rsquo;harmonisation global <strong>Degr\u00e9s Color\u00e9s <\/strong>d\u00e9termine<strong> :<\/strong><\/p>\n\n\n\n<ul class=\"wp-block-list\"><li>la qualit\u00e9 de votre \u00e9nergie et celle de votre habitat<\/li><li>l&rsquo;histoire de votre habitation et de ce qui l&rsquo;entoure<\/li><li>la circulation de l&rsquo;\u00e9nergie dans l&rsquo;espace<\/li><li>le rangement dans l&rsquo;habitat<\/li><li>l&rsquo;\u00e9quilibre entre le yin et le yang<\/li><li>les couleurs qui pr\u00e9dominent dans votre int\u00e9rieur<\/li><li>les trois niveaux vibratoires<\/li><li>les objets qui ne sont \u00ab\u00a0pas feng shui\u00a0\u00bb<\/li><li>l&rsquo;orientation de votre maison et l&rsquo;\u00e9tude du terrain<\/li><li>le chiffre \u00e9l\u00e9ment de chaque occupant<\/li><\/ul>\n\n\n\n<p><strong>Analyse <\/strong>(6 \u00e0 10h) : \u00e0 partir des informations collect\u00e9es, Degr\u00e9s Color\u00e9s \u00e9tabli en bureau d&rsquo;\u00e9tude, l&rsquo;analyse de votre espace. Les pr\u00e9conisations sont renseign\u00e9es graphiquement, sur le plan de votre espace et vous permettent une mise en oeuvre rapide. Il vous permet de comprendre et de transmettre la logique des solutions propos\u00e9es et de les int\u00e9grer \u00e0 votre rythme dans votre espace. <\/p>\n\n\n\n<p>  <strong>Degr\u00e9s Color\u00e9s pr\u00e9conise sur plan : <\/strong><\/p>\n\n\n\n<ul class=\"wp-block-list\"><li>la bonne circulation de l&rsquo;\u00e9nergie<\/li><li>l&rsquo;attribution des pi\u00e8ces pour chaque occupant<\/li><li>le choix des couleurs, mati\u00e8res et formes pour chaque pi\u00e8ces<\/li><li>l&rsquo;agencement des meubles<\/li><li>la correction des formes hostiles.<\/li><li>les conseils sur la mise en place de rem\u00e8des sur le lieu pour dynamiser vos secteurs<\/li><li>les conseils sur la mise en place de rem\u00e8des sur le lieu en rapport aux cartes \u00e9nerg\u00e9tiques de votre espace pour activer les bonnes \u00e9nergies et neutraliser les mauvaises.<\/li><\/ul>\n\n\n\n<p><strong>R\u00e9sultat d&rsquo;analyse (1h \u00e0 2h30) <\/strong>: quelques jours plus tard,<strong> Degr\u00e9s Color\u00e9s<\/strong> vous livre les pr\u00e9conisations sur place et vous fournis \u00e9galement un petit guide Feng Shui tr\u00e8s pr\u00e9cieux.<\/p>\n\n\n\n<p><strong>Le suivi<\/strong> : si n\u00e9cessaire,<strong> Degr\u00e9s Color\u00e9s<\/strong> coordonne la mise en \u0153uvre avec vous. L\u2019harmonisation des lieux agit sur le champ \u00e9nerg\u00e9tique qui vous entoure. Les effets sont souvent imm\u00e9diats. Certains autres sont plus long. <\/p>\n\n\n\n<p><strong>Important :<\/strong> il ne sert \u00e0 rien de faire appel \u00e0 Degr\u00e9s Color\u00e9s si vous ne vous impliquez    pas. Tout r\u00e9sultat n\u00e9cessite quelques efforts. Il est possible que je  pr\u00e9conise de changer de chambre, d\u00e9placer votre lit, changer  l&#8217;emplacement de certains objets, tourner  diff\u00e9remment votre canap\u00e9. Voil\u00e0 quelques exemples de recommandations feng shui<strong> <\/strong>qui permettront d&rsquo;am\u00e9liorer votre bien-\u00eatre.    <\/p>\n","protected":false},"excerpt":{"rendered":"<p>Une expertise Feng Shui permet d&rsquo;apprendre \u00e0 mieux se conna\u00eetre et permet de r\u00e9v\u00e9ler tout le potentiel de vos espaces int\u00e9rieurs et d\u2019en r\u00e9soudre les probl\u00e9matiques en utilisant l&rsquo;ensemble des techniques Feng Shui.&nbsp;&nbsp; Consultation qui n\u00e9cessite plusieurs RDV sur place pour une dur\u00e9e total de 10 \u00e0 12h de travail : Vos objectifs&nbsp;: Sur les [&hellip;]<\/p>\n","protected":false},"author":2,"featured_media":0,"parent":0,"menu_order":0,"comment_status":"closed","ping_status":"closed","template":"","meta":{"footnotes":""},"class_list":["post-73","page","type-page","status-publish","hentry"],"_links":{"self":[{"href":"https:\/\/www.degres-colores.com\/index.php?rest_route=\/wp\/v2\/pages\/73","targetHints":{"allow":["GET"]}}],"collection":[{"href":"https:\/\/www.degres-colores.com\/index.php?rest_route=\/wp\/v2\/pages"}],"about":[{"href":"https:\/\/www.degres-colores.com\/index.php?rest_route=\/wp\/v2\/types\/page"}],"author":[{"embeddable":true,"href":"https:\/\/www.degres-colores.com\/index.php?rest_route=\/wp\/v2\/users\/2"}],"replies":[{"embeddable":true,"href":"https:\/\/www.degres-colores.com\/index.php?rest_route=%2Fwp%2Fv2%2Fcomments&post=73"}],"version-history":[{"count":0,"href":"https:\/\/www.degres-colores.com\/index.php?rest_route=\/wp\/v2\/pages\/73\/revisions"}],"wp:attachment":[{"href":"https:\/\/www.degres-colores.com\/index.php?rest_route=%2Fwp%2Fv2%2Fmedia&parent=73"}],"curies":[{"name":"wp","href":"https:\/\/api.w.org\/{rel}","templated":true}]}}