{"id":472,"date":"2019-01-03T15:36:50","date_gmt":"2019-01-03T14:36:50","guid":{"rendered":"http:\/\/degres-colores.com\/?page_id=472"},"modified":"2019-01-03T15:36:50","modified_gmt":"2019-01-03T14:36:50","slug":"le-feng-shui-pour-qui","status":"publish","type":"page","link":"https:\/\/www.degres-colores.com\/?page_id=472","title":{"rendered":"Pour qui ?"},"content":{"rendered":"\n<figure class=\"wp-block-image size-large\"><img loading=\"lazy\" decoding=\"async\" width=\"1920\" height=\"1007\" src=\"http:\/\/www.degres-colores.com\/wp-content\/uploads\/2019\/12\/human-2944065_1920.jpg?w=1024\" alt=\"\" class=\"wp-image-1162\" srcset=\"https:\/\/www.degres-colores.com\/wp-content\/uploads\/2019\/12\/human-2944065_1920.jpg 1920w, https:\/\/www.degres-colores.com\/wp-content\/uploads\/2019\/12\/human-2944065_1920-300x157.jpg 300w, https:\/\/www.degres-colores.com\/wp-content\/uploads\/2019\/12\/human-2944065_1920-768x403.jpg 768w, https:\/\/www.degres-colores.com\/wp-content\/uploads\/2019\/12\/human-2944065_1920-1024x537.jpg 1024w, https:\/\/www.degres-colores.com\/wp-content\/uploads\/2019\/12\/human-2944065_1920-1536x806.jpg 1536w\" sizes=\"auto, (max-width: 1920px) 100vw, 1920px\" \/><\/figure>\n\n\n<p style=\"text-align:justify\"><strong>Pour vous&#8230;.<\/strong><\/p>\n<p style=\"text-align:justify\">Voici quelques exemples de probl\u00e8mes que Degr\u00e9s Color\u00e9s peut corriger ou att\u00e9nuer gr\u00e2ce au Feng Shui.<\/p>\n<ul style=\"text-align:justify\">\n<li style=\"text-align:left\">\u00ab\u00a0Je me sens fatigu\u00e9(e) quand je rentre chez moi.\u00a0\u00bb<\/li>\n<li>\u00ab\u00a0Je ne sais pas comment am\u00e9nager une pi\u00e8ce dans mon habitat.\u00a0\u00bb<\/li>\n<li>\u00ab\u00a0Je ne me sens pas bien chez moi.\u00a0\u00bb<\/li>\n<li>\u00ab\u00a0J&rsquo;aimerais am\u00e9liorer un domaine dans ma vie.\u00a0\u00bb<\/li>\n<li style=\"text-align:left\">\u00ab\u00a0Je suis en conflit avec mon enfant.\u00a0\u00bb<\/li>\n<li style=\"text-align:left\">\u00ab\u00a0Je suis incapable de me projeter dans l&rsquo;avenir.\u00a0\u00bb<\/li>\n<li style=\"text-align:left\">\u00ab\u00a0Mon enfant dort tr\u00e8s mal depuis quelques temps.\u00a0\u00bb<\/li>\n<li style=\"text-align:left\">\u00ab\u00a0Je suis bloqu\u00e9.e dans mon \u00e9volution professionnelle.\u00a0\u00bb<\/li>\n<li style=\"text-align:left\">\u00ab\u00a0Je n&rsquo;arrive pas \u00e0 vendre mon bien\u00a0\u00bb.<\/li>\n<li style=\"text-align:left\">\u00ab\u00a0Je souhaiterais \u00e9conomiser mais je n&rsquo;y arrive pas.\u00a0\u00bb<\/li>\n<li>\u00ab\u00a0Mon chiffre d&rsquo;affaire est en baisse et je ne comprends pas pourquoi\u00a0\u00bb.<\/li>\n<\/ul>\n<p style=\"text-align:justify\">Les services que proposent Degr\u00e9s Color\u00e9s, vous permettront de retrouver une qualit\u00e9 de vie et de travail en prenant soin de votre habitat ou de votre entreprise !<\/p>\n<p style=\"text-align:justify\">\u00a0<\/p>","protected":false},"excerpt":{"rendered":"<p>Pour vous&#8230;. Voici quelques exemples de probl\u00e8mes que Degr\u00e9s Color\u00e9s peut corriger ou att\u00e9nuer gr\u00e2ce au Feng Shui. \u00ab\u00a0Je me sens fatigu\u00e9(e) quand je rentre chez moi.\u00a0\u00bb \u00ab\u00a0Je ne sais pas comment am\u00e9nager une pi\u00e8ce dans mon habitat.\u00a0\u00bb \u00ab\u00a0Je ne me sens pas bien chez moi.\u00a0\u00bb \u00ab\u00a0J&rsquo;aimerais am\u00e9liorer un domaine dans ma vie.\u00a0\u00bb \u00ab\u00a0Je suis [&hellip;]<\/p>\n","protected":false},"author":2,"featured_media":0,"parent":0,"menu_order":0,"comment_status":"closed","ping_status":"closed","template":"","meta":{"footnotes":""},"class_list":["post-472","page","type-page","status-publish","hentry"],"_links":{"self":[{"href":"https:\/\/www.degres-colores.com\/index.php?rest_route=\/wp\/v2\/pages\/472","targetHints":{"allow":["GET"]}}],"collection":[{"href":"https:\/\/www.degres-colores.com\/index.php?rest_route=\/wp\/v2\/pages"}],"about":[{"href":"https:\/\/www.degres-colores.com\/index.php?rest_route=\/wp\/v2\/types\/page"}],"author":[{"embeddable":true,"href":"https:\/\/www.degres-colores.com\/index.php?rest_route=\/wp\/v2\/users\/2"}],"replies":[{"embeddable":true,"href":"https:\/\/www.degres-colores.com\/index.php?rest_route=%2Fwp%2Fv2%2Fcomments&post=472"}],"version-history":[{"count":0,"href":"https:\/\/www.degres-colores.com\/index.php?rest_route=\/wp\/v2\/pages\/472\/revisions"}],"wp:attachment":[{"href":"https:\/\/www.degres-colores.com\/index.php?rest_route=%2Fwp%2Fv2%2Fmedia&parent=472"}],"curies":[{"name":"wp","href":"https:\/\/api.w.org\/{rel}","templated":true}]}}