{"id":3241,"date":"2018-11-13T20:13:06","date_gmt":"2018-11-13T19:13:06","guid":{"rendered":"https:\/\/degrescolores.wordpress.com\/?page_id=3"},"modified":"2018-11-13T20:13:06","modified_gmt":"2018-11-13T19:13:06","slug":"contact","status":"publish","type":"page","link":"https:\/\/www.degres-colores.com\/?page_id=3241","title":{"rendered":"Contact"},"content":{"rendered":"\n<figure class=\"wp-block-image size-large is-resized\"><img decoding=\"async\" src=\"http:\/\/www.degres-colores.com\/wp-content\/uploads\/2019\/12\/marketing-office-working-business-33999.jpg?w=1024\" alt=\"\" class=\"wp-image-1189\" style=\"width:764px;height:auto\" \/><\/figure>\n\n\n<p><a href=\"mailto:info@degres-colores.com\">info@degres-colores.com<\/a><\/p>\n<p>+41(0)79 477 23 82<\/p>\n<p>Avenue Cardinal-Mermillod 18 &#8211; 1227 Carouge, Suisse<\/p>\n<p style=\"text-align: justify\">Contactez Degr\u00e9s Color\u00e9s afin de d\u00e9finir vos besoins et le meilleur plan d&rsquo;action pour atteindre vos objectifs.<\/p>\n<p style=\"text-align: justify\">Degr\u00e9s Color\u00e9s travaille avec professionnalisme et dans la plus grande confidentialit\u00e9, avec un oeil neutre et sans jugement.<\/p>\n<p style=\"text-align: justify\">Merci pour votre int\u00e9r\u00eat et n&rsquo;h\u00e9sitez pas \u00e0 m&rsquo;envoyer un message.<\/p>","protected":false},"excerpt":{"rendered":"<p>info@degres-colores.com +41(0)79 477 23 82 Avenue Cardinal-Mermillod 18 &#8211; 1227 Carouge, Suisse Contactez Degr\u00e9s Color\u00e9s afin de d\u00e9finir vos besoins et le meilleur plan d&rsquo;action pour atteindre vos objectifs. Degr\u00e9s Color\u00e9s travaille avec professionnalisme et dans la plus grande confidentialit\u00e9, avec un oeil neutre et sans jugement. Merci pour votre int\u00e9r\u00eat et n&rsquo;h\u00e9sitez pas \u00e0 [&hellip;]<\/p>\n","protected":false},"author":2,"featured_media":0,"parent":0,"menu_order":2,"comment_status":"closed","ping_status":"closed","template":"","meta":{"footnotes":""},"class_list":["post-3241","page","type-page","status-publish","hentry"],"_links":{"self":[{"href":"https:\/\/www.degres-colores.com\/index.php?rest_route=\/wp\/v2\/pages\/3241","targetHints":{"allow":["GET"]}}],"collection":[{"href":"https:\/\/www.degres-colores.com\/index.php?rest_route=\/wp\/v2\/pages"}],"about":[{"href":"https:\/\/www.degres-colores.com\/index.php?rest_route=\/wp\/v2\/types\/page"}],"author":[{"embeddable":true,"href":"https:\/\/www.degres-colores.com\/index.php?rest_route=\/wp\/v2\/users\/2"}],"replies":[{"embeddable":true,"href":"https:\/\/www.degres-colores.com\/index.php?rest_route=%2Fwp%2Fv2%2Fcomments&post=3241"}],"version-history":[{"count":0,"href":"https:\/\/www.degres-colores.com\/index.php?rest_route=\/wp\/v2\/pages\/3241\/revisions"}],"wp:attachment":[{"href":"https:\/\/www.degres-colores.com\/index.php?rest_route=%2Fwp%2Fv2%2Fmedia&parent=3241"}],"curies":[{"name":"wp","href":"https:\/\/api.w.org\/{rel}","templated":true}]}}