{"id":3240,"date":"2018-11-13T21:13:07","date_gmt":"2018-11-13T19:13:07","guid":{"rendered":"https:\/\/degrescolores.wordpress.com\/?page_id=2"},"modified":"2018-11-13T21:13:07","modified_gmt":"2018-11-13T19:13:07","slug":"a-propos","status":"publish","type":"page","link":"https:\/\/www.degres-colores.com\/?page_id=3240","title":{"rendered":"\u00c0 propos"},"content":{"rendered":"<div class=\"wp-block-image\">\n<figure class=\"alignleft is-resized\"><img decoding=\"async\" src=\"http:\/\/www.degres-colores.com\/wp-content\/uploads\/2019\/01\/emeline-selfie-site1-1.jpg\" alt=\"Emeline\" class=\"wp-image-613\" style=\"width:273px;height:auto\" \/><\/figure>\n<\/div>\n\n\n<p><strong>QUI SUIS-JE ?<\/strong><\/p>\n\n\n\n<p class=\"has-text-align-justify\">Je m&rsquo;appelle Emeline, je travaille \u00e0 l&rsquo;Etat de Gen\u00e8ve depuis 2010. En parall\u00e8le, je suis coach en d\u00e9coration consciente et Feng Shui depuis 2018 et tarologue depuis fin 2023.<\/p>\n\n\n\n<p class=\"has-text-align-justify\">Passionn\u00e9e par le d\u00e9veloppement personnel, les \u00e9nergies et la d\u00e9coration, je sais que les lieux peuvent participer \u00e0 notre bien-\u00eatre et nous \u00e9lever.<\/p>\n\n\n\n<p class=\"has-text-align-justify\">En 2011, lorsque nous avons achet\u00e9 notre premi\u00e8re maison sur \u00ab\u00a0plan\u00a0\u00bb, j&rsquo;ai su d\u00e9celer son potentiel pour l&rsquo;am\u00e9nager. Si bien, que j&rsquo;ai effectu\u00e9 de grands travaux d&rsquo;architecture d&rsquo;int\u00e9rieur et plusieurs voisins ont choisi de suivre mes id\u00e9es.<\/p>\n\n\n\n<p class=\"has-text-align-justify\">Toutefois, je me suis vite rendue compte qu\u2019une jolie maison ne suffisait pas pour s&rsquo;y sentir bien au quotidien. J&rsquo;avais beau changer les meubles de place, changer d&rsquo;ambiance avec les objets de d\u00e9coration et y faire de grands travaux d&rsquo;am\u00e9nagement, je sentais que quelque chose me manquait.<\/p>\n\n\n\n<p class=\"has-text-align-justify\">J&rsquo;ai fait appel \u00e0 une consultante Feng Shui. Les r\u00e9sultats m&rsquo;ont \u00e9merveill\u00e9e !!!! Ayant un esprit assez critique, ce n&rsquo;\u00e9tait pas ma conviction qui m&rsquo;avait convaincue du bien fait du Feng Shui, c&rsquo;\u00e9tait mon observation.<\/p>\n\n\n\n<p class=\"has-text-align-justify\">Le Feng Shui s&rsquo;est impos\u00e9 \u00e0 moi et ne m&rsquo;a plus jamais quitt\u00e9e.<\/p>\n\n\n\n<p class=\"has-text-align-justify\">En 2018, j&rsquo;ai suivi une formation aupr\u00e8s des \u00ab\u00a0Cinq Instituts\u00a0\u00bb, une \u00e9cole qui \u0153uvre \u00e0 la promotion et au d\u00e9veloppement du Feng Shui en France et \u00e0 l&rsquo;\u00e9tranger, gr\u00e2ce \u00e0 une offre de formations solides et reconnues depuis 1999. C&rsquo;est la plus ancienne \u00e9cole Feng Shui en France, avec des centaines d\u2019expertises et consultations Feng Shui sur toute la France \u00e0 leur actif. Elle se nomme d\u00e9sormais \u00ab\u00a0L&rsquo;institut Pierre Thirault\u00a0\u00bb.<\/p>\n\n\n\n<p class=\"has-text-align-justify\">En 2019, j&rsquo;ai suivi une formation chez \u00ab\u00a0Marip &#8211; The Feng Shui Firm\u00a0\u00bb qui se trouve \u00e0 Paris ainsi qu&rsquo;une formation \u00e0 distance en Belgique.<\/p>\n\n\n\n<p class=\"has-text-align-justify\">J&rsquo;ai \u00e9galement suivi un atelier aupr\u00e8s d&rsquo;expertes et coachs en d\u00e9sencombrement, home organisation reconnu par la m\u00e9thode Marie Kondo. Cet atelier m&rsquo;a appris \u00e0 visualiser et cr\u00e9er mon int\u00e9rieur id\u00e9al, \u00e0 red\u00e9finir ma relation aux objets, \u00e0 simplifier ma vie, \u00e0 me rendre mon temps, \u00e0 ranger ma maison intelligemment et \u00e0 en \u00eatre fi\u00e8re.<\/p>\n\n\n\n<p class=\"has-text-align-justify\">J&rsquo;ai suivi les enseignements spirituels de Sandra BURNIER \u00e0 l&rsquo;\u00e9cole initiatique au Pays du Mont-Blanc durant la session 2019-2020 ainsi qu&rsquo;une initiation aux dons et \u00e0 la spiritualit\u00e9.<\/p>\n\n\n\n<p class=\"has-text-align-justify\">Le cercle vertueux engendr\u00e9 par toutes ces formations m&rsquo;a permis de r\u00e9aliser un grand projet de vie, \u00ab\u00a0FAIRE UN TOUR DU MONDE !!!\u00a0\u00bb.<\/p>\n\n\n\n<p class=\"has-text-align-justify\">En 2020, durant 13 mois, j&rsquo;ai parcouru le monde avec mon mari et mon fils \u00e2g\u00e9 de 6 ans \u00e0 l&rsquo;\u00e9poque. Cette \u00e9cole de la vie non reconnue a \u00e9t\u00e9 une grande source d&rsquo;enrichissement et d&rsquo;apprentissage. <\/p>\n\n\n\n<p class=\"has-text-align-justify\">Les avantages ont \u00e9t\u00e9 nombreux comme par exemple d\u00e9couvrir des endroits magiques, ressentir les \u00e9nergies au centuple, vivre avec moins et apprendre \u00e0 se contenter de peu, apprendre \u00e0 se connaitre encore mieux et d\u00e9couvrir ses talents cach\u00e9s, vivre le moment pr\u00e9sent, faire des expertises Feng Shui au Br\u00e9sil, en Equateur, \u00e0 Bora Bora et aussi, tout simplement, rencontrer des personnes lumineuses dont le rayonnement t\u00e9moigne de l&rsquo;insaisissable dimension de l&rsquo;amour et celle du myst\u00e8re. <\/p>\n\n\n\n<p class=\"has-text-align-justify\">Je vous le dis, les gens sont beaux !<\/p>\n\n\n\n<p class=\"has-text-align-justify\">En 2021, j&rsquo;ai souhait\u00e9 suivre une formation en d\u00e9coration consciente et psychologie de l&rsquo;habitat \u00ab\u00a0Slow Int\u00e9rieur\u00a0\u00bb chez \u00ab\u00a0Home Sweet Om\u00a0\u00bb pour avoir une approche davantage holistique de la d\u00e9coration.<\/p>\n\n\n\n<p class=\"has-text-align-justify\">En 2022, j&rsquo;ai suivi une formation de d\u00e9coratrice d&rsquo;int\u00e9rieur d&rsquo;un an \u00e0 l&rsquo;\u00e9cole IPAC Design Gen\u00e8ve. Suite \u00e0 cette formation, j&rsquo;ai eu la chance d&rsquo;\u00eatre rapidement mandat\u00e9e par plusieurs clients vers des projets r\u00e9sidentiels souhaitant insuffler chaleur, luxe et design \u00e0 leurs espaces. J&rsquo;ai imagin\u00e9 leurs int\u00e9rieurs, je les ai conseill\u00e9s, j&rsquo;ai s\u00e9lectionn\u00e9 pour eux une liste d&rsquo;achats de mobilier et de mat\u00e9riaux et j&rsquo;ai con\u00e7u des espaces qui leur ressemblent o\u00f9 ils adorent vivre et passer du temps. J&rsquo;y ai mis une touche en plus&#8230; Du sens !!!<\/p>\n\n\n\n<p class=\"has-text-align-justify\">En 2023, je me suis form\u00e9e au Tarot en Bretagne avec Sylvie TROTTER, \u00e0 Gen\u00e8ve avec Sophie MUGNIER, \u00e0 Paris avec Arnaud MALHERBE et en Belgique avec Joice VANCOPPENOLLE. Cet art est tr\u00e8s complet et complexe. Le Tarot peut \u00eatre utilis\u00e9 comme moyen de connaissance de soi et des autres. Les cartes apportent d&rsquo;autres fa\u00e7ons de voir une situation personnelle ou relationnelle et une lecture enrichie de la r\u00e9alit\u00e9. Je me forme et je pratique r\u00e9guli\u00e8rement. Un proverbe cambodgien dit : <\/p>\n\n\n\n<blockquote class=\"wp-block-quote is-layout-flow wp-block-quote-is-layout-flow\">\n<p>Dix qui savent ne valent pas un qui pratique !<\/p>\n<\/blockquote>\n\n\n\n<p class=\"has-text-align-justify\">Depuis mars 2024, je vous propose des ateliers pr\u00e9sentiels. Mon intention est de partager autour de th\u00e8mes qui me passionnent et de permettre au plus grand nombre de d\u00e9couvrir des sujets en lien avec le Feng Shui et la d\u00e9coration consciente. J&rsquo;aspire \u00e0 ce que chaque personne qui suive un atelier pratique, lui permette une prise de conscience et une application ais\u00e9e chez soi une fois l&rsquo;atelier termin\u00e9.<\/p>\n\n\n\n<p class=\"has-text-align-justify\">Chaque ann\u00e9e, je suis une formation continue en Feng Shui, je lis \u00e9norm\u00e9ment de livre sur le sujet, en plus des expertises que j&rsquo;effectue r\u00e9guli\u00e8rement en Suisse ou \u00e0 l&rsquo;\u00e9tranger.<\/p>\n\n\n\n<p class=\"has-text-align-justify\">Je suis devenue experte en harmonisation int\u00e9rieure des habitats et des environnements professionnels en utilisant les techniques du Feng Shui, la g\u00e9obiologie, la d\u00e9coration consciente et la clarification afin d&rsquo;am\u00e9liorer le bien-\u00eatre des personnes. J&rsquo;ai mis au service de mon foyer toutes ces comp\u00e9tences acquises. Je vis \u00e0 pr\u00e9sent dans un espace qui me soutient dans mes priorit\u00e9s et qui est une v\u00e9ritable source d\u2019\u00e9nergie. J&rsquo;ai fait de mon chez moi, un paradis personnel !!!<\/p>\n\n\n\n<p class=\"has-text-align-justify\">Je vous propose \u00e0 mon tour de vous aider \u00e0 cr\u00e9er un espace de vie intelligent et reposant alors n&rsquo;h\u00e9sitez pas \u00e0 me contacter sans plus attendre.<\/p>\n\n\n\n<p class=\"has-text-align-justify\"><strong>\u00ab\u00a0La simplicit\u00e9, c&rsquo;est l&rsquo;harmonie parfaite entre le beau, l&rsquo;utile et le juste.\u00a0\u00bb &nbsp; Franck Lloyd Wright<\/strong><\/p>\n\n\n\n<p>Dans la lumi\u00e8re,<\/p>\n\n\n\n<p>Emeline<\/p>\n","protected":false},"excerpt":{"rendered":"<p>QUI SUIS-JE ? Je m&rsquo;appelle Emeline, je travaille \u00e0 l&rsquo;Etat de Gen\u00e8ve depuis 2010. En parall\u00e8le, je suis coach en d\u00e9coration consciente et Feng Shui depuis 2018 et tarologue depuis fin 2023. Passionn\u00e9e par le d\u00e9veloppement personnel, les \u00e9nergies et la d\u00e9coration, je sais que les lieux peuvent participer \u00e0 notre bien-\u00eatre et nous \u00e9lever. [&hellip;]<\/p>\n","protected":false},"author":2,"featured_media":0,"parent":0,"menu_order":1,"comment_status":"closed","ping_status":"closed","template":"","meta":{"footnotes":""},"class_list":["post-3240","page","type-page","status-publish","hentry"],"_links":{"self":[{"href":"https:\/\/www.degres-colores.com\/index.php?rest_route=\/wp\/v2\/pages\/3240","targetHints":{"allow":["GET"]}}],"collection":[{"href":"https:\/\/www.degres-colores.com\/index.php?rest_route=\/wp\/v2\/pages"}],"about":[{"href":"https:\/\/www.degres-colores.com\/index.php?rest_route=\/wp\/v2\/types\/page"}],"author":[{"embeddable":true,"href":"https:\/\/www.degres-colores.com\/index.php?rest_route=\/wp\/v2\/users\/2"}],"replies":[{"embeddable":true,"href":"https:\/\/www.degres-colores.com\/index.php?rest_route=%2Fwp%2Fv2%2Fcomments&post=3240"}],"version-history":[{"count":0,"href":"https:\/\/www.degres-colores.com\/index.php?rest_route=\/wp\/v2\/pages\/3240\/revisions"}],"wp:attachment":[{"href":"https:\/\/www.degres-colores.com\/index.php?rest_route=%2Fwp%2Fv2%2Fmedia&parent=3240"}],"curies":[{"name":"wp","href":"https:\/\/api.w.org\/{rel}","templated":true}]}}