{"id":32,"date":"2018-11-23T14:53:27","date_gmt":"2018-11-23T13:53:27","guid":{"rendered":"http:\/\/degres-colores.com\/?page_id=32"},"modified":"2018-11-23T14:53:27","modified_gmt":"2018-11-23T13:53:27","slug":"feng-shui","status":"publish","type":"page","link":"https:\/\/www.degres-colores.com\/?page_id=32","title":{"rendered":"Feng Shui"},"content":{"rendered":"\n<div class=\"wp-block-jetpack-slideshow aligncenter\" data-autoplay=\"true\" data-delay=\"2\" data-effect=\"fade\"><div class=\"wp-block-jetpack-slideshow_container swiper-container\"><ul class=\"wp-block-jetpack-slideshow_swiper-wrapper swiper-wrapper\"><li class=\"wp-block-jetpack-slideshow_slide swiper-slide\"><figure><img loading=\"lazy\" decoding=\"async\" width=\"1920\" height=\"1271\" alt=\"\" class=\"wp-block-jetpack-slideshow_image wp-image-1050\" data-id=\"1050\" src=\"http:\/\/www.degres-colores.com\/wp-content\/uploads\/2019\/12\/splashing-275950_1920.jpg?w=720\" srcset=\"https:\/\/www.degres-colores.com\/wp-content\/uploads\/2019\/12\/splashing-275950_1920.jpg 1920w, https:\/\/www.degres-colores.com\/wp-content\/uploads\/2019\/12\/splashing-275950_1920-300x199.jpg 300w, https:\/\/www.degres-colores.com\/wp-content\/uploads\/2019\/12\/splashing-275950_1920-768x508.jpg 768w, https:\/\/www.degres-colores.com\/wp-content\/uploads\/2019\/12\/splashing-275950_1920-1024x678.jpg 1024w, https:\/\/www.degres-colores.com\/wp-content\/uploads\/2019\/12\/splashing-275950_1920-1536x1017.jpg 1536w\" sizes=\"auto, (max-width: 1920px) 100vw, 1920px\" \/><\/figure><\/li><li class=\"wp-block-jetpack-slideshow_slide swiper-slide\"><figure><img loading=\"lazy\" decoding=\"async\" width=\"1920\" height=\"1280\" alt=\"\" class=\"wp-block-jetpack-slideshow_image wp-image-1046\" data-id=\"1046\" src=\"http:\/\/www.degres-colores.com\/wp-content\/uploads\/2019\/12\/lumber-84678_1920.jpg?w=720\" srcset=\"https:\/\/www.degres-colores.com\/wp-content\/uploads\/2019\/12\/lumber-84678_1920.jpg 1920w, https:\/\/www.degres-colores.com\/wp-content\/uploads\/2019\/12\/lumber-84678_1920-300x200.jpg 300w, https:\/\/www.degres-colores.com\/wp-content\/uploads\/2019\/12\/lumber-84678_1920-768x512.jpg 768w, https:\/\/www.degres-colores.com\/wp-content\/uploads\/2019\/12\/lumber-84678_1920-1024x683.jpg 1024w, https:\/\/www.degres-colores.com\/wp-content\/uploads\/2019\/12\/lumber-84678_1920-1536x1024.jpg 1536w\" sizes=\"auto, (max-width: 1920px) 100vw, 1920px\" \/><\/figure><\/li><li class=\"wp-block-jetpack-slideshow_slide swiper-slide\"><figure><img loading=\"lazy\" decoding=\"async\" width=\"1920\" height=\"638\" alt=\"\" class=\"wp-block-jetpack-slideshow_image wp-image-1041\" data-id=\"1041\" src=\"http:\/\/www.degres-colores.com\/wp-content\/uploads\/2019\/12\/flame-1345507_1920.jpg?w=720\" srcset=\"https:\/\/www.degres-colores.com\/wp-content\/uploads\/2019\/12\/flame-1345507_1920.jpg 1920w, https:\/\/www.degres-colores.com\/wp-content\/uploads\/2019\/12\/flame-1345507_1920-300x100.jpg 300w, https:\/\/www.degres-colores.com\/wp-content\/uploads\/2019\/12\/flame-1345507_1920-768x255.jpg 768w, https:\/\/www.degres-colores.com\/wp-content\/uploads\/2019\/12\/flame-1345507_1920-1024x340.jpg 1024w, https:\/\/www.degres-colores.com\/wp-content\/uploads\/2019\/12\/flame-1345507_1920-1536x510.jpg 1536w\" sizes=\"auto, (max-width: 1920px) 100vw, 1920px\" \/><\/figure><\/li><li class=\"wp-block-jetpack-slideshow_slide swiper-slide\"><figure><img loading=\"lazy\" decoding=\"async\" width=\"1920\" height=\"1275\" alt=\"\" class=\"wp-block-jetpack-slideshow_image wp-image-1049\" data-id=\"1049\" src=\"http:\/\/www.degres-colores.com\/wp-content\/uploads\/2019\/12\/sandstone-467714_1920.jpg?w=720\" srcset=\"https:\/\/www.degres-colores.com\/wp-content\/uploads\/2019\/12\/sandstone-467714_1920.jpg 1920w, https:\/\/www.degres-colores.com\/wp-content\/uploads\/2019\/12\/sandstone-467714_1920-300x199.jpg 300w, https:\/\/www.degres-colores.com\/wp-content\/uploads\/2019\/12\/sandstone-467714_1920-768x510.jpg 768w, https:\/\/www.degres-colores.com\/wp-content\/uploads\/2019\/12\/sandstone-467714_1920-1024x680.jpg 1024w, https:\/\/www.degres-colores.com\/wp-content\/uploads\/2019\/12\/sandstone-467714_1920-1536x1020.jpg 1536w\" sizes=\"auto, (max-width: 1920px) 100vw, 1920px\" \/><\/figure><\/li><li class=\"wp-block-jetpack-slideshow_slide swiper-slide\"><figure><img loading=\"lazy\" decoding=\"async\" width=\"1920\" height=\"1920\" alt=\"\" class=\"wp-block-jetpack-slideshow_image wp-image-1038\" data-id=\"1038\" src=\"http:\/\/www.degres-colores.com\/wp-content\/uploads\/2019\/12\/background-1415494_1920.jpg?w=720\" srcset=\"https:\/\/www.degres-colores.com\/wp-content\/uploads\/2019\/12\/background-1415494_1920.jpg 1920w, https:\/\/www.degres-colores.com\/wp-content\/uploads\/2019\/12\/background-1415494_1920-150x150.jpg 150w, https:\/\/www.degres-colores.com\/wp-content\/uploads\/2019\/12\/background-1415494_1920-300x300.jpg 300w, https:\/\/www.degres-colores.com\/wp-content\/uploads\/2019\/12\/background-1415494_1920-768x768.jpg 768w, https:\/\/www.degres-colores.com\/wp-content\/uploads\/2019\/12\/background-1415494_1920-1024x1024.jpg 1024w, https:\/\/www.degres-colores.com\/wp-content\/uploads\/2019\/12\/background-1415494_1920-1536x1536.jpg 1536w, https:\/\/www.degres-colores.com\/wp-content\/uploads\/2019\/12\/background-1415494_1920-200x200.jpg 200w, https:\/\/www.degres-colores.com\/wp-content\/uploads\/2019\/12\/background-1415494_1920-100x100.jpg 100w\" sizes=\"auto, (max-width: 1920px) 100vw, 1920px\" \/><\/figure><\/li><\/ul><a class=\"wp-block-jetpack-slideshow_button-prev swiper-button-prev swiper-button-white\" role=\"button\"><\/a><a class=\"wp-block-jetpack-slideshow_button-next swiper-button-next swiper-button-white\" role=\"button\"><\/a><a aria-label=\"Pause Slideshow\" class=\"wp-block-jetpack-slideshow_button-pause\" role=\"button\"><\/a><div class=\"wp-block-jetpack-slideshow_pagination swiper-pagination swiper-pagination-white\"><\/div><\/div><\/div>\n\n\n\n<p><strong>UNE SCIENCE&#8230;<\/strong><\/p>\n\n\n\n<p><\/p><p style=\"text-align:justify\">Le Feng Shui utilise un ensemble d&rsquo;outils quasi math\u00e9matiques, fond\u00e9s sur l&rsquo;observation des lois naturelles. Il g\u00e8re un espace et des donn\u00e9es temporelles pour cr\u00e9er des conditions favorables \u00e0 la transformation et \u00e0 l&rsquo;am\u00e9lioration des situations.<\/p><p><\/p>\n\n\n\n<p><\/p><p style=\"text-align:justify\"><strong>UN ART&#8230;<\/strong><\/p><p><\/p>\n\n\n\n<p><\/p><p style=\"text-align:justify\">Tout l&rsquo;art consiste \u00e0 \u00e9quilibrer les \u00e9l\u00e9ments entre eux pour les harmoniser en posant des \u00ab\u00a0rem\u00e8des\u00a0\u00bb de nature \u00e0 neutraliser les conditions d\u00e9favorables ou d\u00e9vitalisantes. C&rsquo;est un art qui consid\u00e8re que la terre, la nature et les montagnes, les lieux, les villes et les maisons o\u00f9 nous vivons sont parcourus de circulation d&rsquo;\u00e9nergie, le Chi, dont la pr\u00e9sence et la qualit\u00e9 d\u00e9termine le bien-\u00eatre, la sant\u00e9, une part de la destin\u00e9 des humains et le bon d\u00e9roulement de la vie. Dans le Feng Shui l&#8217;emplacement des lieux, des maisons et l&rsquo;organisation de l&rsquo;architecture ext\u00e9rieur et int\u00e9rieur sert \u00e0 capter le Chi pour nous en faire b\u00e9n\u00e9ficier de fa\u00e7on pragmatique en nourrissant le corps et l&rsquo;\u00e2me.<\/p><p><\/p>\n\n\n\n<p><\/p><p style=\"text-align:justify\"><b>UNE DISCIPLINE CHINOISE MILL\u00c9NAIRE&#8230;<\/b><\/p><p><\/p>\n\n\n\n<p><\/p><p style=\"text-align:justify\">Au sens litt\u00e9ral du terme, le Feng Shui, signifie \u00ab\u00a0le vent et l&rsquo;eau\u00a0\u00bb&#8230; Une expression qui nous parle de circulation d&rsquo;\u00e9nergies et d&rsquo;\u00e9quilibre entre elle. Le Feng Shui joue avec les \u00e9l\u00e9ments pr\u00e9sents dans notre espace, dans notre sol (Feu, Terre, M\u00e9tal, Eau, Bois) et avec les \u00ab\u00a0\u00e9toiles\u00a0\u00bb, les \u00e9nergies du ciel.<\/p><p><\/p>\n\n\n\n<figure class=\"wp-block-gallery aligncenter columns-0 is-cropped wp-block-gallery-1 is-layout-flex wp-block-gallery-is-layout-flex\"><ul class=\"blocks-gallery-grid\"><\/ul><\/figure>\n","protected":false},"excerpt":{"rendered":"<p>UNE SCIENCE&#8230; Le Feng Shui utilise un ensemble d&rsquo;outils quasi math\u00e9matiques, fond\u00e9s sur l&rsquo;observation des lois naturelles. Il g\u00e8re un espace et des donn\u00e9es temporelles pour cr\u00e9er des conditions favorables \u00e0 la transformation et \u00e0 l&rsquo;am\u00e9lioration des situations. UN ART&#8230; Tout l&rsquo;art consiste \u00e0 \u00e9quilibrer les \u00e9l\u00e9ments entre eux pour les harmoniser en posant des [&hellip;]<\/p>\n","protected":false},"author":2,"featured_media":0,"parent":0,"menu_order":0,"comment_status":"closed","ping_status":"closed","template":"","meta":{"footnotes":""},"class_list":["post-32","page","type-page","status-publish","hentry"],"_links":{"self":[{"href":"https:\/\/www.degres-colores.com\/index.php?rest_route=\/wp\/v2\/pages\/32","targetHints":{"allow":["GET"]}}],"collection":[{"href":"https:\/\/www.degres-colores.com\/index.php?rest_route=\/wp\/v2\/pages"}],"about":[{"href":"https:\/\/www.degres-colores.com\/index.php?rest_route=\/wp\/v2\/types\/page"}],"author":[{"embeddable":true,"href":"https:\/\/www.degres-colores.com\/index.php?rest_route=\/wp\/v2\/users\/2"}],"replies":[{"embeddable":true,"href":"https:\/\/www.degres-colores.com\/index.php?rest_route=%2Fwp%2Fv2%2Fcomments&post=32"}],"version-history":[{"count":0,"href":"https:\/\/www.degres-colores.com\/index.php?rest_route=\/wp\/v2\/pages\/32\/revisions"}],"wp:attachment":[{"href":"https:\/\/www.degres-colores.com\/index.php?rest_route=%2Fwp%2Fv2%2Fmedia&parent=32"}],"curies":[{"name":"wp","href":"https:\/\/api.w.org\/{rel}","templated":true}]}}