{"id":3170,"date":"2024-01-15T22:09:52","date_gmt":"2024-01-15T21:09:52","guid":{"rendered":"https:\/\/degres-colores.com\/?page_id=3170"},"modified":"2024-01-15T22:09:52","modified_gmt":"2024-01-15T21:09:52","slug":"ateliers-colores","status":"publish","type":"page","link":"https:\/\/www.degres-colores.com\/?page_id=3170","title":{"rendered":"Atelier color\u00e9"},"content":{"rendered":"\n<div class=\"wp-block-group alignfull\"><div class=\"wp-block-group__inner-container is-layout-constrained wp-block-group-is-layout-constrained\">\n<div class=\"wp-block-columns alignwide is-layout-flex wp-container-core-columns-is-layout-ff2c3ffd wp-block-columns-is-layout-flex\" style=\"margin-bottom:var(--wp--preset--spacing--70)\">\n<div class=\"wp-block-column is-layout-flow wp-block-column-is-layout-flow\">\n<figure class=\"wp-block-image size-large\"><img loading=\"lazy\" decoding=\"async\" width=\"1280\" height=\"1024\" src=\"http:\/\/www.degres-colores.com\/wp-content\/uploads\/2024\/02\/canva-image-flyer.jpg?w=720\" alt=\"\" class=\"wp-image-3237\" srcset=\"https:\/\/www.degres-colores.com\/wp-content\/uploads\/2024\/02\/canva-image-flyer.jpg 1280w, https:\/\/www.degres-colores.com\/wp-content\/uploads\/2024\/02\/canva-image-flyer-300x240.jpg 300w, https:\/\/www.degres-colores.com\/wp-content\/uploads\/2024\/02\/canva-image-flyer-768x614.jpg 768w, https:\/\/www.degres-colores.com\/wp-content\/uploads\/2024\/02\/canva-image-flyer-1024x819.jpg 1024w\" sizes=\"auto, (max-width: 1280px) 100vw, 1280px\" \/><\/figure>\n<\/div>\n\n\n\n<div class=\"wp-block-column is-vertically-aligned-center is-layout-flow wp-block-column-is-layout-flow\">\n<h2 class=\"wp-block-heading\"><strong>\u00ab\u00a0Lecture de votre lieu de vie\u00a0\u00bb<\/strong><\/h2>\n\n\n\n<ul class=\"wp-block-list\">\n<li>Aimeriez-vous comprendre votre lieu de vie et lui donner du sens ?<\/li>\n<\/ul>\n\n\n\n<ul class=\"wp-block-list\">\n<li>Aimeriez-vous utiliser votre maison comme outil de d\u00e9veloppement personnel&nbsp;?<\/li>\n<\/ul>\n\n\n\n<ul class=\"wp-block-list\">\n<li>Aimeriez-vous savoir comment attirer de bonnes \u00e9nergies chez vous et transformer votre habitat en un lieu dynamique et bienfaisant&nbsp;?<\/li>\n<\/ul>\n\n\n\n<ul class=\"wp-block-list\">\n<li>Aimeriez-vous d\u00e9passer vos blocages gr\u00e2ce \u00e0 votre espace de vie et comprendre votre d\u00e9coration ?<\/li>\n<\/ul>\n\n\n\n<p><strong>Alors, cet atelier est fait pour vous !<\/strong><\/p>\n<\/div>\n<\/div>\n<\/div><\/div>\n\n\n\n<div class=\"wp-block-group\" style=\"margin-bottom:var(--wp--preset--spacing--70)\"><div class=\"wp-block-group__inner-container is-layout-constrained wp-block-group-is-layout-constrained\">\n<h2 class=\"wp-block-heading\"><strong>Ce que Degr\u00e9s Color\u00e9s vous propose :<\/strong><\/h2>\n\n\n\n<p>Degr\u00e9s Color\u00e9s partage avec vous, \u00e0 travers cet atelier, des insights pr\u00e9cieux tir\u00e9s de ses exp\u00e9riences personnelles en mati\u00e8re de d\u00e9coration d&rsquo;espace et d&rsquo;application des principes du Feng Shui. <\/p>\n\n\n\n<p>Sa mission est de vous initier \u00e0 la d\u00e9coration consciente, et aux principes du Feng Shui, pour que votre maison devienne un sanctuaire de bien-\u00eatre. Vous apprendrez que chaque choix, du placement des meubles aux couleurs des murs, est une occasion de renforcer votre bien-\u00eatre et d&rsquo;harmoniser l&rsquo;\u00e9nergie de votre environnement.<\/p>\n\n\n\n<p>Degr\u00e9s Color\u00e9s vous accompagnera dans la d\u00e9couverte des secrets de votre lieu de vie. Son objectif est de vous encourager \u00e0 cr\u00e9er un espace de vie qui r\u00e9sonne avec votre joie int\u00e9rieure et vos aspirations personnelles, en mettant en \u0153uvre des choix d\u00e9lib\u00e9r\u00e9s qui fa\u00e7onnent votre quotidien.<\/p>\n\n\n\n<h2 class=\"wp-block-heading\"><strong>En pratique<\/strong><\/h2>\n\n\n\n<p>Cet atelier vivant et interactif, sera ax\u00e9 sur 4 th\u00e9matiques centrales : l&rsquo;entr\u00e9e &#8211; le salon &#8211; la cuisine &#8211; la chambre.<\/p>\n\n\n\n<p><strong>Il faudra venir \u00e0 l&rsquo;atelier avec des photos de votre int\u00e9rieur<\/strong> (format papier).<\/p>\n\n\n\n<p>L&rsquo;atelier \u00ab\u00a0lecture de votre lieu de vie\u00a0\u00bb se passe en pr\u00e9sentiel,<strong> le samedi 27 avril 2024 de 10h \u00e0 17h<\/strong> (petite pause \u00e0 midi), \u00e0 l&rsquo;avenue Cardinal-Mermillod 18, 1227 Carouge. Il est ouvert \u00e0 tous. Le nombre de participants est limit\u00e9 \u00e0 4. Les inscriptions se font par email et sont prises par ordre d&rsquo;arriv\u00e9e.<\/p>\n\n\n\n<p><strong>Tarifs<\/strong><\/p>\n\n\n\n<p>Frs. 280.- la journ\u00e9e, un support \u00e9crit est inclus.<\/p>\n<\/div><\/div>\n\n\n\n<div class=\"wp-block-cover alignfull is-light has-primary-color has-text-color has-link-color wp-elements-3ee44a8edbe9226b378280b7c29fc2b5\"><span aria-hidden=\"true\" class=\"wp-block-cover__background has-background-dim-10 has-background-dim\" style=\"background-color:#FFF\"><\/span><img loading=\"lazy\" decoding=\"async\" width=\"937\" height=\"713\" class=\"wp-block-cover__image-background wp-image-3238\" alt=\"\" src=\"http:\/\/www.degres-colores.com\/wp-content\/uploads\/2024\/02\/chambre-atelier.jpg\" data-object-fit=\"cover\" srcset=\"https:\/\/www.degres-colores.com\/wp-content\/uploads\/2024\/02\/chambre-atelier.jpg 937w, https:\/\/www.degres-colores.com\/wp-content\/uploads\/2024\/02\/chambre-atelier-300x228.jpg 300w, https:\/\/www.degres-colores.com\/wp-content\/uploads\/2024\/02\/chambre-atelier-768x584.jpg 768w\" sizes=\"auto, (max-width: 937px) 100vw, 937px\" \/><div class=\"wp-block-cover__inner-container is-layout-constrained wp-block-cover-is-layout-constrained\">\n<h2 class=\"wp-block-heading has-text-align-center\"><strong><mark style=\"background-color:rgba(0, 0, 0, 0)\" class=\"has-inline-color has-black-color\">Pr\u00eat-e \u00e0 d\u00e9couvrir les secrets de votre int\u00e9rieur ?<\/mark><\/strong><\/h2>\n\n\n\n<div class=\"wp-block-buttons is-content-justification-center is-layout-flex wp-container-core-buttons-is-layout-16018d1d wp-block-buttons-is-layout-flex\">\n<div class=\"wp-block-button\"><a class=\"wp-block-button__link has-background-color has-primary-background-color has-text-color has-background has-link-color wp-element-button\"><mark style=\"background-color:rgba(0, 0, 0, 0)\" class=\"has-inline-color has-black-color\"><strong>Contact<\/strong><\/mark><\/a><\/div>\n<\/div>\n<\/div><\/div>\n","protected":false},"excerpt":{"rendered":"<p>\u00ab\u00a0Lecture de votre lieu de vie\u00a0\u00bb Alors, cet atelier est fait pour vous ! Ce que Degr\u00e9s Color\u00e9s vous propose : Degr\u00e9s Color\u00e9s partage avec vous, \u00e0 travers cet atelier, des insights pr\u00e9cieux tir\u00e9s de ses exp\u00e9riences personnelles en mati\u00e8re de d\u00e9coration d&rsquo;espace et d&rsquo;application des principes du Feng Shui. Sa mission est de vous [&hellip;]<\/p>\n","protected":false},"author":2,"featured_media":0,"parent":0,"menu_order":0,"comment_status":"closed","ping_status":"closed","template":"","meta":{"footnotes":""},"class_list":["post-3170","page","type-page","status-publish","hentry"],"_links":{"self":[{"href":"https:\/\/www.degres-colores.com\/index.php?rest_route=\/wp\/v2\/pages\/3170","targetHints":{"allow":["GET"]}}],"collection":[{"href":"https:\/\/www.degres-colores.com\/index.php?rest_route=\/wp\/v2\/pages"}],"about":[{"href":"https:\/\/www.degres-colores.com\/index.php?rest_route=\/wp\/v2\/types\/page"}],"author":[{"embeddable":true,"href":"https:\/\/www.degres-colores.com\/index.php?rest_route=\/wp\/v2\/users\/2"}],"replies":[{"embeddable":true,"href":"https:\/\/www.degres-colores.com\/index.php?rest_route=%2Fwp%2Fv2%2Fcomments&post=3170"}],"version-history":[{"count":0,"href":"https:\/\/www.degres-colores.com\/index.php?rest_route=\/wp\/v2\/pages\/3170\/revisions"}],"wp:attachment":[{"href":"https:\/\/www.degres-colores.com\/index.php?rest_route=%2Fwp%2Fv2%2Fmedia&parent=3170"}],"curies":[{"name":"wp","href":"https:\/\/api.w.org\/{rel}","templated":true}]}}