{"id":238,"date":"2018-12-27T19:47:18","date_gmt":"2018-12-27T18:47:18","guid":{"rendered":"https:\/\/degrescolores.wordpress.com\/?page_id=238"},"modified":"2018-12-27T19:47:18","modified_gmt":"2018-12-27T18:47:18","slug":"bebe-colore","status":"publish","type":"page","link":"https:\/\/www.degres-colores.com\/?page_id=238","title":{"rendered":"B\u00e9b\u00e9 Color\u00e9"},"content":{"rendered":"\n<figure class=\"wp-block-image size-large\"><img loading=\"lazy\" decoding=\"async\" width=\"1920\" height=\"1080\" src=\"http:\/\/www.degres-colores.com\/wp-content\/uploads\/2019\/12\/instrument-2010525_1920.jpg?w=1024\" class=\"wp-image-1163\" srcset=\"https:\/\/www.degres-colores.com\/wp-content\/uploads\/2019\/12\/instrument-2010525_1920.jpg 1920w, https:\/\/www.degres-colores.com\/wp-content\/uploads\/2019\/12\/instrument-2010525_1920-300x169.jpg 300w, https:\/\/www.degres-colores.com\/wp-content\/uploads\/2019\/12\/instrument-2010525_1920-768x432.jpg 768w, https:\/\/www.degres-colores.com\/wp-content\/uploads\/2019\/12\/instrument-2010525_1920-1024x576.jpg 1024w, https:\/\/www.degres-colores.com\/wp-content\/uploads\/2019\/12\/instrument-2010525_1920-1536x864.jpg 1536w\" sizes=\"auto, (max-width: 1920px) 100vw, 1920px\" \/><\/figure>\n\n\n<p style=\"text-align:justify\">Ce <a href=\"http:\/\/degres-colores.com\/services-colores\/\">service<\/a> B\u00e9b\u00e9 Color\u00e9 <a href=\"http:\/\/degres-colores.com\/feng-shui\/\">Feng Shui<\/a> vous apporte \u00e0 moindre frais une harmonisation de l&rsquo;espace de votre enfant afin qu&rsquo;il s&rsquo;\u00e9panouisse et grandisse dans un environnement sain.<\/p>\n<p style=\"text-align:justify\">Leur chambre est comme leur petite maison et tout ce qui l&rsquo;entoure a un impact tr\u00e8s fort sur leur \u00e9nergie et leur d\u00e9veloppement !<\/p>\n<p style=\"text-align:justify\">Cette prestation vous permettra de conna\u00eetre pr\u00e9cis\u00e9ment les couleurs, les formes et les mati\u00e8res qui donneront le plus d&rsquo;\u00e9nergie \u00e0 votre b\u00e9b\u00e9 en analysant son <a href=\"http:\/\/degres-colores.com\/concept\/\">chiffre Kua<\/a>.<\/p>\n<p style=\"text-align:justify\">Degr\u00e9s Color\u00e9s analyse <a href=\"http:\/\/degres-colores.com\/geobiologie\/\">la g\u00e9obiologie<\/a> de la chambre afin de placer le lit en \u00e9vitant les points g\u00e9opathog\u00e8nes et les ondes \u00e9lectromagn\u00e9tiques qui sont n\u00e9fastes pour son sommeil.<\/p>\n<p style=\"text-align:justify\">Dur\u00e9e de la consultation : 2h30<\/p>\n<p style=\"text-align:justify\">\u00a0<\/p>","protected":false},"excerpt":{"rendered":"<p>Ce service B\u00e9b\u00e9 Color\u00e9 Feng Shui vous apporte \u00e0 moindre frais une harmonisation de l&rsquo;espace de votre enfant afin qu&rsquo;il s&rsquo;\u00e9panouisse et grandisse dans un environnement sain. Leur chambre est comme leur petite maison et tout ce qui l&rsquo;entoure a un impact tr\u00e8s fort sur leur \u00e9nergie et leur d\u00e9veloppement ! Cette prestation vous permettra [&hellip;]<\/p>\n","protected":false},"author":2,"featured_media":0,"parent":0,"menu_order":0,"comment_status":"closed","ping_status":"closed","template":"","meta":{"footnotes":""},"class_list":["post-238","page","type-page","status-publish","hentry"],"_links":{"self":[{"href":"https:\/\/www.degres-colores.com\/index.php?rest_route=\/wp\/v2\/pages\/238","targetHints":{"allow":["GET"]}}],"collection":[{"href":"https:\/\/www.degres-colores.com\/index.php?rest_route=\/wp\/v2\/pages"}],"about":[{"href":"https:\/\/www.degres-colores.com\/index.php?rest_route=\/wp\/v2\/types\/page"}],"author":[{"embeddable":true,"href":"https:\/\/www.degres-colores.com\/index.php?rest_route=\/wp\/v2\/users\/2"}],"replies":[{"embeddable":true,"href":"https:\/\/www.degres-colores.com\/index.php?rest_route=%2Fwp%2Fv2%2Fcomments&post=238"}],"version-history":[{"count":0,"href":"https:\/\/www.degres-colores.com\/index.php?rest_route=\/wp\/v2\/pages\/238\/revisions"}],"wp:attachment":[{"href":"https:\/\/www.degres-colores.com\/index.php?rest_route=%2Fwp%2Fv2%2Fmedia&parent=238"}],"curies":[{"name":"wp","href":"https:\/\/api.w.org\/{rel}","templated":true}]}}