{"id":1343,"date":"2020-04-04T16:26:28","date_gmt":"2020-04-04T14:26:28","guid":{"rendered":"http:\/\/degres-colores.com\/?page_id=1343"},"modified":"2020-04-04T16:26:28","modified_gmt":"2020-04-04T14:26:28","slug":"purification-coloree","status":"publish","type":"page","link":"https:\/\/www.degres-colores.com\/?page_id=1343","title":{"rendered":"Purification Color\u00e9e"},"content":{"rendered":"\n<div class=\"wp-block-image\"><figure class=\"aligncenter size-large is-resized\"><img loading=\"lazy\" decoding=\"async\" src=\"http:\/\/www.degres-colores.com\/wp-content\/uploads\/2020\/04\/blur-close-up-environment-incense-429918.jpg?w=720\" alt=\"\" class=\"wp-image-1358\" width=\"840\" height=\"560\" \/><\/figure><\/div>\n\n\n\n<p class=\"has-text-align-justify\">La purification d\u2019espace est un nettoyage \u00e9nerg\u00e9tique d\u2019un lieu de vie ou de travail. Les lieux s\u2019impr\u00e8gnent des \u00e9v\u00e8nements qui s\u2019y d\u00e9roulent et gardent une empreinte des \u00e9motions et des cycles de pens\u00e9e des occupants. De chaque lieu, il se d\u00e9gage une vibration diff\u00e9rente, une atmosph\u00e8re apaisante ou au contraire pesante voire suffocante.<\/p>\n\n\n\n<p class=\"has-text-align-justify\">Une purification vise \u00e0 neutraliser les r\u00e9sidus \u00e9nerg\u00e9tiques, les sch\u00e9mas r\u00e9p\u00e9titifs et les ph\u00e9nom\u00e8nes paranormaux pour laisser place \u00e0 une \u00e9nergie saine, positive et l\u00e9g\u00e8re qui permet d\u2019entretenir une vibration \u00e9nerg\u00e9tique haute ce qui favorise la r\u00e9ussite et la s\u00e9r\u00e9nit\u00e9.<\/p>\n\n\n\n<p class=\"has-text-align-justify\">Degr\u00e9s Color\u00e9s  purifie et revitalise positivement chacune des pi\u00e8ces de votre habitation ou entreprise. Cette prestation favorise votre bien-\u00eatre et celui de vos proches. Elle apporte une nouvelle lumi\u00e8re au lieu et favorise la concr\u00e9tisation de vos projets  ainsi que vos aspirations de vie.<\/p>\n\n\n\n<p><strong>M\u00e9thodologie&nbsp;<\/strong>:<\/p>\n\n\n\n<ul class=\"wp-block-list\"><li>Sur les lieux ou par t\u00e9l\u00e9phone nous d\u00e9finissons ensemble vos attentes.<\/li><li>L\u2019intervention dure en moyenne deux heures.<\/li><li>Identification de l\u2019origine des troubles, nettoyage et explications.<\/li><\/ul>\n\n\n\n<p class=\"has-text-align-justify\"><strong>Le suivi<\/strong> : la purification peut \u00eatre pratiqu\u00e9e r\u00e9guli\u00e8rement, en fonction des cycles lunaires par exemple, pour maintenir une haute vibration \u00e9nerg\u00e9tique. Dans ce cas, <strong>Degr\u00e9s Color\u00e9s<\/strong> propose des purifications d\u2019espace \u00e0 distance effectu\u00e9es par une cons\u0153ur.<\/p>\n\n\n\n<p class=\"has-text-align-justify\"><strong>Important&nbsp;: <\/strong>la purification d\u2019espace<strong> laisse place \u00e0 vos propres \u00e9nergies dans le lieu.<\/strong> Le Feng Shui <strong>harmonise l\u2019\u00e9nergie pour cr\u00e9er un espace ressour\u00e7ant et inspirant<\/strong>. Le nettoyage des lieux ne remplace pas le Feng Shui mais ils se compl\u00e8tent. Les transformations peuvent se r\u00e9v\u00e9ler plus puissantes.<\/p>\n","protected":false},"excerpt":{"rendered":"<p>La purification d\u2019espace est un nettoyage \u00e9nerg\u00e9tique d\u2019un lieu de vie ou de travail. Les lieux s\u2019impr\u00e8gnent des \u00e9v\u00e8nements qui s\u2019y d\u00e9roulent et gardent une empreinte des \u00e9motions et des cycles de pens\u00e9e des occupants. De chaque lieu, il se d\u00e9gage une vibration diff\u00e9rente, une atmosph\u00e8re apaisante ou au contraire pesante voire suffocante. Une purification [&hellip;]<\/p>\n","protected":false},"author":2,"featured_media":0,"parent":0,"menu_order":0,"comment_status":"closed","ping_status":"closed","template":"","meta":{"footnotes":""},"class_list":["post-1343","page","type-page","status-publish","hentry"],"_links":{"self":[{"href":"https:\/\/www.degres-colores.com\/index.php?rest_route=\/wp\/v2\/pages\/1343","targetHints":{"allow":["GET"]}}],"collection":[{"href":"https:\/\/www.degres-colores.com\/index.php?rest_route=\/wp\/v2\/pages"}],"about":[{"href":"https:\/\/www.degres-colores.com\/index.php?rest_route=\/wp\/v2\/types\/page"}],"author":[{"embeddable":true,"href":"https:\/\/www.degres-colores.com\/index.php?rest_route=\/wp\/v2\/users\/2"}],"replies":[{"embeddable":true,"href":"https:\/\/www.degres-colores.com\/index.php?rest_route=%2Fwp%2Fv2%2Fcomments&post=1343"}],"version-history":[{"count":0,"href":"https:\/\/www.degres-colores.com\/index.php?rest_route=\/wp\/v2\/pages\/1343\/revisions"}],"wp:attachment":[{"href":"https:\/\/www.degres-colores.com\/index.php?rest_route=%2Fwp%2Fv2%2Fmedia&parent=1343"}],"curies":[{"name":"wp","href":"https:\/\/api.w.org\/{rel}","templated":true}]}}