{"id":129,"date":"2018-11-26T10:53:24","date_gmt":"2018-11-26T09:53:24","guid":{"rendered":"http:\/\/degres-colores.com\/?page_id=129"},"modified":"2018-11-26T10:53:24","modified_gmt":"2018-11-26T09:53:24","slug":"les-3-chances","status":"publish","type":"page","link":"https:\/\/www.degres-colores.com\/?page_id=129","title":{"rendered":"Les 3 chances"},"content":{"rendered":"\n<p><\/p>\n\n\n\n<figure class=\"wp-block-image size-large\"><img loading=\"lazy\" decoding=\"async\" width=\"1920\" height=\"1080\" src=\"http:\/\/www.degres-colores.com\/wp-content\/uploads\/2019\/12\/dreamcatcher-336639_1920.jpg?w=1024\" alt=\"\" class=\"wp-image-1161\" srcset=\"https:\/\/www.degres-colores.com\/wp-content\/uploads\/2019\/12\/dreamcatcher-336639_1920.jpg 1920w, https:\/\/www.degres-colores.com\/wp-content\/uploads\/2019\/12\/dreamcatcher-336639_1920-300x169.jpg 300w, https:\/\/www.degres-colores.com\/wp-content\/uploads\/2019\/12\/dreamcatcher-336639_1920-768x432.jpg 768w, https:\/\/www.degres-colores.com\/wp-content\/uploads\/2019\/12\/dreamcatcher-336639_1920-1024x576.jpg 1024w, https:\/\/www.degres-colores.com\/wp-content\/uploads\/2019\/12\/dreamcatcher-336639_1920-1536x864.jpg 1536w\" sizes=\"auto, (max-width: 1920px) 100vw, 1920px\" \/><\/figure>\n\n\n\n<p><\/p><p style=\"text-align:justify\">En Chine, on pense qu&rsquo;il n&rsquo;y a pas qu&rsquo;une, mais trois sortes de chances \u00e0 prendre en compte pour mieux comprendre ce que vous vivez.&nbsp;<\/p><p><\/p>\n\n\n\n<p><strong>La chance du ciel<\/strong>, ce sont les \u00e9nergies cosmiques. C&rsquo;est ce que l&rsquo;on appelle la destin\u00e9e ou le karma. C&rsquo;est ce qui vous est donn\u00e9 \u00e0 la naissance: la famille, le physique, les qualit\u00e9s et les d\u00e9fauts. Elle est difficile \u00e0 contr\u00f4ler. <\/p>\n\n\n\n<p><strong>La chance de l&rsquo;homme<\/strong> est activ\u00e9e par votre attitude, l&rsquo;effort et le travail. Vous la contr\u00f4lez enti\u00e8rement et vous pouvez agir dans le sens de vos souhaits pour activer cette \u00e9nergie personnelle. <\/p>\n\n\n\n<p><strong>La chance de la terre<\/strong> est le <a href=\"http:\/\/degres-colores.com\/feng-shui\/\">Feng Shui<\/a>. C&rsquo;est l&rsquo;\u00e9nergie de votre environnement. Vous la contr\u00f4lez \u00e0 partir du moment o\u00f9 vous en prenez connaissance et activez les bons secteurs et les bonnes directions. <\/p>\n\n\n\n<p>&nbsp;<\/p>\n\n\n\n<p>&nbsp;<\/p>\n\n\n\n<p>&nbsp;<\/p>\n","protected":false},"excerpt":{"rendered":"<p>En Chine, on pense qu&rsquo;il n&rsquo;y a pas qu&rsquo;une, mais trois sortes de chances \u00e0 prendre en compte pour mieux comprendre ce que vous vivez.&nbsp; La chance du ciel, ce sont les \u00e9nergies cosmiques. C&rsquo;est ce que l&rsquo;on appelle la destin\u00e9e ou le karma. C&rsquo;est ce qui vous est donn\u00e9 \u00e0 la naissance: la famille, [&hellip;]<\/p>\n","protected":false},"author":2,"featured_media":0,"parent":0,"menu_order":0,"comment_status":"closed","ping_status":"closed","template":"","meta":{"footnotes":""},"class_list":["post-129","page","type-page","status-publish","hentry"],"_links":{"self":[{"href":"https:\/\/www.degres-colores.com\/index.php?rest_route=\/wp\/v2\/pages\/129","targetHints":{"allow":["GET"]}}],"collection":[{"href":"https:\/\/www.degres-colores.com\/index.php?rest_route=\/wp\/v2\/pages"}],"about":[{"href":"https:\/\/www.degres-colores.com\/index.php?rest_route=\/wp\/v2\/types\/page"}],"author":[{"embeddable":true,"href":"https:\/\/www.degres-colores.com\/index.php?rest_route=\/wp\/v2\/users\/2"}],"replies":[{"embeddable":true,"href":"https:\/\/www.degres-colores.com\/index.php?rest_route=%2Fwp%2Fv2%2Fcomments&post=129"}],"version-history":[{"count":0,"href":"https:\/\/www.degres-colores.com\/index.php?rest_route=\/wp\/v2\/pages\/129\/revisions"}],"wp:attachment":[{"href":"https:\/\/www.degres-colores.com\/index.php?rest_route=%2Fwp%2Fv2%2Fmedia&parent=129"}],"curies":[{"name":"wp","href":"https:\/\/api.w.org\/{rel}","templated":true}]}}