{"id":1266,"date":"2020-01-01T23:25:56","date_gmt":"2020-01-01T22:25:56","guid":{"rendered":"http:\/\/degres-colores.com\/?page_id=1266"},"modified":"2020-01-01T23:25:56","modified_gmt":"2020-01-01T22:25:56","slug":"en-savoir-plus","status":"publish","type":"page","link":"https:\/\/www.degres-colores.com\/?page_id=1266","title":{"rendered":"En savoir plus"},"content":{"rendered":"\n<p> <\/p>\n\n\n\n<figure class=\"wp-block-image size-large\"><img loading=\"lazy\" decoding=\"async\" width=\"1920\" height=\"1280\" src=\"http:\/\/www.degres-colores.com\/wp-content\/uploads\/2019\/12\/ring-226359_1920.jpg?w=720\" alt=\"\" class=\"wp-image-1140\" srcset=\"https:\/\/www.degres-colores.com\/wp-content\/uploads\/2019\/12\/ring-226359_1920.jpg 1920w, https:\/\/www.degres-colores.com\/wp-content\/uploads\/2019\/12\/ring-226359_1920-300x200.jpg 300w, https:\/\/www.degres-colores.com\/wp-content\/uploads\/2019\/12\/ring-226359_1920-768x512.jpg 768w, https:\/\/www.degres-colores.com\/wp-content\/uploads\/2019\/12\/ring-226359_1920-1024x683.jpg 1024w, https:\/\/www.degres-colores.com\/wp-content\/uploads\/2019\/12\/ring-226359_1920-1536x1024.jpg 1536w\" sizes=\"auto, (max-width: 1920px) 100vw, 1920px\" \/><\/figure>\n\n\n\n<h3 class=\"wp-block-heading\"><strong>Le Feng Shui : qu&rsquo;est-ce exactement ?<\/strong> <\/h3>\n\n\n\n<p class=\"has-text-align-justify\">Lorsque l&rsquo;on am\u00e9nage son habitat ou entreprise selon les r\u00e8gles Feng Shui, on permet une circulation harmonieuse des flux \u00e9nerg\u00e9tiques. Comme le yoga, l&rsquo;acupuncture ou le Re\u00efki peuvent nous aider \u00e0 retrouver le sommeil, \u00e0 nous calmer, \u00e0 nous \u00e9quilibrer, parce que nous permettons aux \u00e9nergies de notre corps de circuler de nouveau et mieux, le Feng Shui nous aide \u00e0 am\u00e9liorer notre existence.<\/p>\n\n\n\n<p class=\"has-text-align-justify\">Nos habitats sont des extensions de nous-m\u00eame, comme une troisi\u00e8me peau, aussi, en faisant une \u00e9tude Feng Shui, il est possible d&rsquo;appr\u00e9hender ce que vivent les personnes qui y habitent.  Le Feng Shui fait appel \u00e0 des calculs et des r\u00e8gles tr\u00e8s pr\u00e9cises qui permettent d&rsquo;organiser notre int\u00e9rieur, notre d\u00e9coration et nos couleurs, pour en faire un endroit sain et harmonieux.<\/p>\n\n\n\n<figure class=\"wp-block-image size-large\"><img loading=\"lazy\" decoding=\"async\" width=\"1920\" height=\"1280\" src=\"http:\/\/www.degres-colores.com\/wp-content\/uploads\/2019\/12\/feng-shui-167817_1920.jpg?w=720\" alt=\"\" class=\"wp-image-1134\" srcset=\"https:\/\/www.degres-colores.com\/wp-content\/uploads\/2019\/12\/feng-shui-167817_1920.jpg 1920w, https:\/\/www.degres-colores.com\/wp-content\/uploads\/2019\/12\/feng-shui-167817_1920-300x200.jpg 300w, https:\/\/www.degres-colores.com\/wp-content\/uploads\/2019\/12\/feng-shui-167817_1920-768x512.jpg 768w, https:\/\/www.degres-colores.com\/wp-content\/uploads\/2019\/12\/feng-shui-167817_1920-1024x683.jpg 1024w, https:\/\/www.degres-colores.com\/wp-content\/uploads\/2019\/12\/feng-shui-167817_1920-1536x1024.jpg 1536w\" sizes=\"auto, (max-width: 1920px) 100vw, 1920px\" \/><\/figure>\n\n\n\n<h3 class=\"wp-block-heading\"><strong>Le Feng Shui : comment \u00e7a marche ?<\/strong><\/h3>\n\n\n\n<p class=\"has-text-align-justify\">Aujourd&rsquo;hui, nous vivons dans un monde qui va tr\u00e8s vite et qui passe essentiellement par l&rsquo;image et le regard. L&rsquo;homme a tendance \u00e0 ne croire que ce qu&rsquo;il voit&#8230; Toutefois, il ne fait qu&rsquo;effleurer son environnement sans s\u2019y attarder au lieu d&rsquo;en capter l&rsquo;essentiel. <\/p>\n\n\n\n<p class=\"has-text-align-justify\"> <strong>Degr\u00e9s Color\u00e9s<\/strong> vous aide \u00e0 devenir plus conscient de l&rsquo;impact de votre environnement sur votre int\u00e9rieur, \u00e0 savoir votre inconscient. Je vous propose un accompagnement pour devenir maitre de vos espaces et de cet environnement.  <\/p>\n\n\n\n<p class=\"has-text-align-justify\">Voici un avant go\u00fbt d&rsquo;outil Feng Shui que Degr\u00e9s Color\u00e9s utilise pour am\u00e9liorer votre bien-\u00eatre : le<strong> Ba Gua<\/strong>. <\/p>\n\n\n\n<ul class=\"wp-block-list\"><li>C&rsquo;est un outil octogonal d&rsquo;analyse selon les 8 directions boussole. C&rsquo;est l&rsquo;outil indispensable en Feng Shui qui sert \u00e0 localiser les courants \u00e9nerg\u00e9tiques et \u00e0 \u00e9tablir des correspondances existant entre une habitation et les individus qui l&rsquo;habitent. <\/li><\/ul>\n\n\n\n<ul class=\"wp-block-list\"><li>Cet outil permet de r\u00e9v\u00e9ler l&rsquo;endroit o\u00f9 se trouve les diff\u00e9rents secteurs de votre habitation (zone relations, projet, chance, carri\u00e8re, etc.) et Degr\u00e9s Color\u00e9s vous conseillera sur le type d&rsquo;objets ou de repr\u00e9sentations symboliques qui vont les activer positivement. <\/li><\/ul>\n\n\n\n<ul class=\"wp-block-list\"><li>Vous ferez des liens entre vos secteurs, vos pi\u00e8ces et vos diff\u00e9rentes aspirations de vie (par exemple le secteur sud-ouest qui active les relations se trouve dans la chambre parentale, etc.). <\/li><\/ul>\n\n\n\n<ul class=\"wp-block-list\"><li>Ces liens vont booster vos m\u00e9ninges, g\u00e9n\u00e9rer une attitude, des pens\u00e9es et des sentiments positifs et attirer dans votre vie du positif ! <\/li><\/ul>\n\n\n\n<ul class=\"wp-block-list\"><li> Des portes s&rsquo;ouvriront, des choses viendront \u00e0 vous et vous retrouverez un bien-\u00eatre au quotidien.  <\/li><\/ul>\n\n\n<p><!--EndFragment--><\/p>\n\n\n<p class=\"has-text-align-justify\">Le Feng Shui ne fait pas de miracle mais il vous placera au bon endroit, en face de la bonne personne ou rencontre. Sa pratique am\u00e9liore les \u00e9nergies d&rsquo;un lieu, apporte une plus grande lucidit\u00e9, une pens\u00e9e plus claire \u00e0 ses occupants.  <\/p>\n","protected":false},"excerpt":{"rendered":"<p>Le Feng Shui : qu&rsquo;est-ce exactement ? Lorsque l&rsquo;on am\u00e9nage son habitat ou entreprise selon les r\u00e8gles Feng Shui, on permet une circulation harmonieuse des flux \u00e9nerg\u00e9tiques. Comme le yoga, l&rsquo;acupuncture ou le Re\u00efki peuvent nous aider \u00e0 retrouver le sommeil, \u00e0 nous calmer, \u00e0 nous \u00e9quilibrer, parce que nous permettons aux \u00e9nergies de notre [&hellip;]<\/p>\n","protected":false},"author":2,"featured_media":0,"parent":0,"menu_order":0,"comment_status":"closed","ping_status":"closed","template":"","meta":{"footnotes":""},"class_list":["post-1266","page","type-page","status-publish","hentry"],"_links":{"self":[{"href":"https:\/\/www.degres-colores.com\/index.php?rest_route=\/wp\/v2\/pages\/1266","targetHints":{"allow":["GET"]}}],"collection":[{"href":"https:\/\/www.degres-colores.com\/index.php?rest_route=\/wp\/v2\/pages"}],"about":[{"href":"https:\/\/www.degres-colores.com\/index.php?rest_route=\/wp\/v2\/types\/page"}],"author":[{"embeddable":true,"href":"https:\/\/www.degres-colores.com\/index.php?rest_route=\/wp\/v2\/users\/2"}],"replies":[{"embeddable":true,"href":"https:\/\/www.degres-colores.com\/index.php?rest_route=%2Fwp%2Fv2%2Fcomments&post=1266"}],"version-history":[{"count":0,"href":"https:\/\/www.degres-colores.com\/index.php?rest_route=\/wp\/v2\/pages\/1266\/revisions"}],"wp:attachment":[{"href":"https:\/\/www.degres-colores.com\/index.php?rest_route=%2Fwp%2Fv2%2Fmedia&parent=1266"}],"curies":[{"name":"wp","href":"https:\/\/api.w.org\/{rel}","templated":true}]}}