{"id":121,"date":"2018-11-24T17:08:15","date_gmt":"2018-11-24T16:08:15","guid":{"rendered":"http:\/\/degres-colores.com\/?page_id=121"},"modified":"2018-11-24T17:08:15","modified_gmt":"2018-11-24T16:08:15","slug":"geobiologie","status":"publish","type":"page","link":"https:\/\/www.degres-colores.com\/?page_id=121","title":{"rendered":"G\u00e9obiologie"},"content":{"rendered":"<figure id=\"attachment_701\" aria-describedby=\"caption-attachment-701\" style=\"width: 451px\" class=\"wp-caption alignnone\"><img loading=\"lazy\" decoding=\"async\" class=\"alignnone wp-image-701\" src=\"http:\/\/www.degres-colores.com\/wp-content\/uploads\/2019\/01\/dsc03755.jpg\" alt=\"dsc03755\" width=\"451\" height=\"300\" \/><figcaption id=\"caption-attachment-701\" class=\"wp-caption-text\">Outils de g\u00e9obiologie<\/figcaption><\/figure>\n<p style=\"text-align: justify\">La g\u00e9obiologie est l&rsquo;\u00e9tude \u00e9sot\u00e9rique de l&rsquo;ensemble des influences de l&rsquo;environnement sur le vivant, et notamment des ondes li\u00e9es aux champs magn\u00e9tiques et \u00e9lectriques.<\/p>\n<p style=\"text-align: justify\">L\u2019expertise de g\u00e9obiologie technologique vous permettra en outre de conna\u00eetre les seuils \u00e0 ne pas d\u00e9passer en terme de pollutions magn\u00e9tiques et \u00e9lectriques, ainsi que les pollutions hautes fr\u00e9quences auxquelles vous \u00eates soumis (t\u00e9l\u00e9phone DECT, t\u00e9l\u00e9phones portables, proximit\u00e9 des antennes-relais, four \u00e0 micro-ondes\u2026).<\/p>\n<p style=\"text-align: justify\">Se soustraire de ces pollutions\u00a0est une solution pour r\u00e9duire les fatigues chroniques, les maux de t\u00eate, l\u2019irritabilit\u00e9, le stress, les troubles li\u00e9s \u00e0 la fibromyalgie ou \u00e0 l\u2019\u00e9lectro-sensibilit\u00e9.<\/p>\n<p style=\"text-align: justify\">Le diagnostic de votre habitation ou de votre local professionnel est le moyen d\u2019identifier si les zones o\u00f9 vous stationnez le plus souvent (lit, bureau, salle \u00e0 manger, salon\u2026) sont d\u00e9vitalisantes ou non.<\/p>\n","protected":false},"excerpt":{"rendered":"<p>La g\u00e9obiologie est l&rsquo;\u00e9tude \u00e9sot\u00e9rique de l&rsquo;ensemble des influences de l&rsquo;environnement sur le vivant, et notamment des ondes li\u00e9es aux champs magn\u00e9tiques et \u00e9lectriques. L\u2019expertise de g\u00e9obiologie technologique vous permettra en outre de conna\u00eetre les seuils \u00e0 ne pas d\u00e9passer en terme de pollutions magn\u00e9tiques et \u00e9lectriques, ainsi que les pollutions hautes fr\u00e9quences auxquelles vous [&hellip;]<\/p>\n","protected":false},"author":2,"featured_media":0,"parent":0,"menu_order":0,"comment_status":"closed","ping_status":"closed","template":"","meta":{"footnotes":""},"class_list":["post-121","page","type-page","status-publish","hentry"],"_links":{"self":[{"href":"https:\/\/www.degres-colores.com\/index.php?rest_route=\/wp\/v2\/pages\/121","targetHints":{"allow":["GET"]}}],"collection":[{"href":"https:\/\/www.degres-colores.com\/index.php?rest_route=\/wp\/v2\/pages"}],"about":[{"href":"https:\/\/www.degres-colores.com\/index.php?rest_route=\/wp\/v2\/types\/page"}],"author":[{"embeddable":true,"href":"https:\/\/www.degres-colores.com\/index.php?rest_route=\/wp\/v2\/users\/2"}],"replies":[{"embeddable":true,"href":"https:\/\/www.degres-colores.com\/index.php?rest_route=%2Fwp%2Fv2%2Fcomments&post=121"}],"version-history":[{"count":0,"href":"https:\/\/www.degres-colores.com\/index.php?rest_route=\/wp\/v2\/pages\/121\/revisions"}],"wp:attachment":[{"href":"https:\/\/www.degres-colores.com\/index.php?rest_route=%2Fwp%2Fv2%2Fmedia&parent=121"}],"curies":[{"name":"wp","href":"https:\/\/api.w.org\/{rel}","templated":true}]}}